{"id":1425,"date":"2017-02-22T13:34:30","date_gmt":"2017-02-22T13:34:30","guid":{"rendered":"http:\/\/www.sensoryvalue.com\/consultoria-estrategica\/"},"modified":"2017-09-20T15:26:40","modified_gmt":"2017-09-20T13:26:40","slug":"conseil-en-strategie","status":"publish","type":"page","link":"https:\/\/www.sensoryvalue.com\/fr\/conseil-en-strategie\/","title":{"rendered":"Conseil en Strat\u00e9gie"},"content":{"rendered":"<p>&nbsp;<\/p>\n<div class='clearfix'>\n<div class='half'>\n<p>La mission de Sensory Value consiste \u00e0 identifier les\u00a0<a href=\"http:\/\/www.sensoryvalue.com\/consultoria\/sensory-assets\/\">Sensory Assets<\/a>\u00a0&#8211; la sensorialit\u00e9 &#8211; des <a href=\"http:\/\/www.sensoryvalue.com\/fr\/conseil-en-strategie\/specialisation-dans-lalimentation-et-les-boissons\/\">produits alimentaires et des boissons<\/a>\u00a0de nos clients afin de les optimiser et d\u2019en faire des <strong>atouts comp\u00e9titifs de grande valeur<\/strong> pour leur <em>business<\/em>.<\/p>\n<p>Nous d\u00e9finissons des strat\u00e9gies produit bas\u00e9es sur <strong>les attributs sensoriels<\/strong>, un facteur essentiel pour <strong>obtenir les sensations ad\u00e9quates permettant de cr\u00e9er des pr\u00e9f\u00e9rences chez les consommateurs<\/strong>. Nous collaborons de fa\u00e7on proactive avec nos clients pour les aider \u00e0 prendre des d\u00e9cisions en mati\u00e8re de d\u00e9veloppement, d\u2019innovation et d\u2019am\u00e9lioration produit \u00e0 partir de la gestion de la sensorialit\u00e9.<\/p>\n<h3 style=\"color: #da007f;\"><strong>Nous sommes consultants sp\u00e9cialistes de la sensorialit\u00e9 de produits <\/strong><\/h3>\n<p>Ce qui fonctionne pour une entreprise ne fonctionne pas forc\u00e9ment pour une autre, m\u00eame si elles sont toutes les deux du secteur de l\u2019alimentation. Diff\u00e9rentes m\u00e9thodes d\u2019analyse sont employ\u00e9es pour le marketing et l\u2019\u00e9tude de march\u00e9, mais une m\u00e9thode standard peut ne pas offrir les informations n\u00e9cessaires pour d\u00e9finir la strat\u00e9gie produit gagnante pour une marque.<\/p>\n<p>C\u2019est pourquoi Sensory Value s\u2019entoure <a href=\"http:\/\/www.sensoryvalue.com\/fr\/a-propos\/notre-equipe\/\"><strong>d\u2019une \u00e9quipe<\/strong><\/a> <strong>qui se donne corps et \u00e2me dans chaque projet<\/strong>. Notre exp\u00e9rience dans la gestion de projets en lien avec les aliments et les boissons ainsi que notre savoir-faire nous permettent d\u2019accompagner et de conseiller nos clients pour atteindre leurs objectifs.<\/p>\n<\/div>\n<div class='half last'>\n<p><img loading=\"lazy\" decoding=\"async\" class=\"alignnone wp-image-2673 size-full\" src=\"http:\/\/www.sensoryvalue.com\/wp-content\/uploads\/2017\/02\/05_SV_INFO_4_FR-100-_opti.jpg\" alt=\"\" width=\"1200\" height=\"1333\" srcset=\"https:\/\/www.sensoryvalue.com\/wp-content\/uploads\/2017\/02\/05_SV_INFO_4_FR-100-_opti.jpg 1200w, https:\/\/www.sensoryvalue.com\/wp-content\/uploads\/2017\/02\/05_SV_INFO_4_FR-100-_opti-270x300.jpg 270w, https:\/\/www.sensoryvalue.com\/wp-content\/uploads\/2017\/02\/05_SV_INFO_4_FR-100-_opti-768x853.jpg 768w, https:\/\/www.sensoryvalue.com\/wp-content\/uploads\/2017\/02\/05_SV_INFO_4_FR-100-_opti-922x1024.jpg 922w\" sizes=\"auto, (max-width: 1200px) 100vw, 1200px\" \/><\/p>\n<p>&nbsp;<\/p>\n<\/div>\n<\/div>\n","protected":false},"excerpt":{"rendered":"<p>&nbsp;<\/p>\n","protected":false},"author":4,"featured_media":0,"parent":0,"menu_order":1,"comment_status":"closed","ping_status":"closed","template":"page-faq.php","meta":{"_acf_changed":false,"footnotes":""},"class_list":["post-1425","page","type-page","status-publish","hentry"],"acf":[],"aioseo_notices":[],"_links":{"self":[{"href":"https:\/\/www.sensoryvalue.com\/fr\/wp-json\/wp\/v2\/pages\/1425","targetHints":{"allow":["GET"]}}],"collection":[{"href":"https:\/\/www.sensoryvalue.com\/fr\/wp-json\/wp\/v2\/pages"}],"about":[{"href":"https:\/\/www.sensoryvalue.com\/fr\/wp-json\/wp\/v2\/types\/page"}],"author":[{"embeddable":true,"href":"https:\/\/www.sensoryvalue.com\/fr\/wp-json\/wp\/v2\/users\/4"}],"replies":[{"embeddable":true,"href":"https:\/\/www.sensoryvalue.com\/fr\/wp-json\/wp\/v2\/comments?post=1425"}],"version-history":[{"count":8,"href":"https:\/\/www.sensoryvalue.com\/fr\/wp-json\/wp\/v2\/pages\/1425\/revisions"}],"predecessor-version":[{"id":2674,"href":"https:\/\/www.sensoryvalue.com\/fr\/wp-json\/wp\/v2\/pages\/1425\/revisions\/2674"}],"wp:attachment":[{"href":"https:\/\/www.sensoryvalue.com\/fr\/wp-json\/wp\/v2\/media?parent=1425"}],"curies":[{"name":"wp","href":"https:\/\/api.w.org\/{rel}","templated":true}]}}