{"id":1431,"date":"2017-02-23T11:59:57","date_gmt":"2017-02-23T11:59:57","guid":{"rendered":"http:\/\/www.sensoryvalue.com\/conseil-en-strategie\/especializacion-en-alimentacion-y-bebidas\/"},"modified":"2017-05-10T10:46:05","modified_gmt":"2017-05-10T10:46:05","slug":"specialisation-dans-lalimentation-et-les-boissons","status":"publish","type":"page","link":"https:\/\/www.sensoryvalue.com\/fr\/conseil-en-strategie\/specialisation-dans-lalimentation-et-les-boissons\/","title":{"rendered":"Sp\u00e9cialisation dans l\u2019alimentation et les boissons"},"content":{"rendered":"<p>&nbsp;<\/p>\n<p>Nous sommes les seuls consultants en strat\u00e9gie produit <strong>d\u00e9di\u00e9s exclusivement aux march\u00e9s de l\u2019alimentation et des boissons, avec de l\u2019exp\u00e9rience dans tout type de produit<\/strong>. L\u2019\u00e9quipe de Sensory Value poss\u00e8de une vaste exp\u00e9rience dans des postes \u00e0 responsabilit\u00e9 dans les domaines strat\u00e9giques des multinationales leaders de l\u2019alimentation en Europe et aux \u00c9tats-Unis. Nous avons collabor\u00e9 avec les marques du secteur alimentaire les plus c\u00e9l\u00e8bres au monde.<\/p>\n<p>Ce savoir-faire nous permet de comprendre toutes les phases de d\u00e9veloppement et de lancement d\u2019un produit, aussi bien en termes de marketing que de R&amp;D. Nous collaborons de fa\u00e7on proactive avec nos clients pour les aider \u00e0 trouver des solutions adapt\u00e9es \u00e0 leurs besoins.<\/p>\n<div class='clearfix'>\n<div class='third'>\n<div class=\"reafir\"><img decoding=\"async\" class=\"reafir-img\" src=\"http:\/\/www.sensoryvalue.com\/wp-content\/uploads\/2017\/04\/Alimenta_y_Bebida-8.png\" \/><br \/>\n<i>Nous travaillons exclusivement pour le secteur de l\u2019<strong>alimentation et des boissons<\/strong><\/i><\/div>\n<\/div>\n<div class='third'>\n<div class=\"reafir\"><img decoding=\"async\" class=\"reafir-img\" src=\"http:\/\/www.sensoryvalue.com\/wp-content\/uploads\/2017\/04\/Metodologi\u0301as_innovadoras-8.png\" \/><br \/>\n<i>Nous exploitons d\u2019innovantes <strong>m\u00e9thodologies de test de produit<\/strong><\/i><\/div>\n<\/div>\n<div class='third last'>\n<div class=\"reafir\"><img decoding=\"async\" class=\"reafir-img\" src=\"http:\/\/www.sensoryvalue.com\/wp-content\/uploads\/2017\/04\/metodologi\u0301as_a_medida-8.png\" \/><br \/>\n<i>Nous mettons en place des m\u00e9thodologies sur mesure selon les besoins du projet<\/i><\/div>\n<\/div>\n<\/div>\n<div class='clearfix'>\n<div class='third'>\n<div class=\"reafir\"><img decoding=\"async\" class=\"reafir-img\" src=\"http:\/\/www.sensoryvalue.com\/wp-content\/uploads\/2017\/04\/protocolo-8.png\" \/><br \/>\n<em>Nous suivons un protocole <strong>d\u2019ex\u00e9cution rigoureux<\/strong> pour chaque projet<\/em><\/div>\n<\/div>\n<div class='third'>\n<div class=\"reafir\"><img decoding=\"async\" class=\"reafir-img\" src=\"http:\/\/www.sensoryvalue.com\/wp-content\/uploads\/2017\/04\/benchmark_1-8.png\" \/><br \/>\n<i>Nous disposons d\u2019un vaste benchmark dans toutes les cat\u00e9gories de produits<\/i><\/div>\n<\/div>\n<div class='third last'>\n<div class=\"reafir\"><img decoding=\"async\" class=\"reafir-img\" src=\"http:\/\/www.sensoryvalue.com\/wp-content\/uploads\/2017\/04\/control-8.png\" \/><br \/>\n<i>Nous r\u00e9alisons un contr\u00f4le exhaustif pendant toutes les \u00e9tapes du projet<\/i><\/div>\n<\/div>\n<\/div>\n<p>&nbsp;<\/p>\n","protected":false},"excerpt":{"rendered":"<p>&nbsp; Nous sommes les seuls consultants en strat\u00e9gie produit d\u00e9di\u00e9s exclusivement aux march\u00e9s de l\u2019alimentation et des boissons, avec de l\u2019exp\u00e9rience dans tout type de produit. L\u2019\u00e9quipe de Sensory Value poss\u00e8de une vaste exp\u00e9rience dans des postes \u00e0 responsabilit\u00e9 dans les domaines strat\u00e9giques des multinationales leaders de l\u2019alimentation en Europe et aux \u00c9tats-Unis. Nous avons [&hellip;]<\/p>\n","protected":false},"author":4,"featured_media":0,"parent":1425,"menu_order":0,"comment_status":"closed","ping_status":"closed","template":"","meta":{"_acf_changed":false,"footnotes":""},"class_list":["post-1431","page","type-page","status-publish","hentry"],"acf":[],"aioseo_notices":[],"_links":{"self":[{"href":"https:\/\/www.sensoryvalue.com\/fr\/wp-json\/wp\/v2\/pages\/1431","targetHints":{"allow":["GET"]}}],"collection":[{"href":"https:\/\/www.sensoryvalue.com\/fr\/wp-json\/wp\/v2\/pages"}],"about":[{"href":"https:\/\/www.sensoryvalue.com\/fr\/wp-json\/wp\/v2\/types\/page"}],"author":[{"embeddable":true,"href":"https:\/\/www.sensoryvalue.com\/fr\/wp-json\/wp\/v2\/users\/4"}],"replies":[{"embeddable":true,"href":"https:\/\/www.sensoryvalue.com\/fr\/wp-json\/wp\/v2\/comments?post=1431"}],"version-history":[{"count":4,"href":"https:\/\/www.sensoryvalue.com\/fr\/wp-json\/wp\/v2\/pages\/1431\/revisions"}],"predecessor-version":[{"id":2160,"href":"https:\/\/www.sensoryvalue.com\/fr\/wp-json\/wp\/v2\/pages\/1431\/revisions\/2160"}],"up":[{"embeddable":true,"href":"https:\/\/www.sensoryvalue.com\/fr\/wp-json\/wp\/v2\/pages\/1425"}],"wp:attachment":[{"href":"https:\/\/www.sensoryvalue.com\/fr\/wp-json\/wp\/v2\/media?parent=1431"}],"curies":[{"name":"wp","href":"https:\/\/api.w.org\/{rel}","templated":true}]}}