{"id":1434,"date":"2017-03-15T17:43:31","date_gmt":"2017-03-15T17:43:31","guid":{"rendered":"http:\/\/www.sensoryvalue.com\/conseil-en-strategie\/estudios-cuantitativos\/"},"modified":"2017-05-10T10:49:46","modified_gmt":"2017-05-10T10:49:46","slug":"rapports-quantitatifs","status":"publish","type":"page","link":"https:\/\/www.sensoryvalue.com\/fr\/conseil-en-strategie\/rapports-quantitatifs\/","title":{"rendered":"\u00c9tudes quantitatives"},"content":{"rendered":"<p>&nbsp;<\/p>\n<div class='clearfix'>\n<div class='half'>\n<p>Sensory Value se sp\u00e9cialise exclusivement dans l\u2019<strong>analyse quantitative<\/strong> \u00e0 partir de m\u00e9thodologies bas\u00e9es sur le test consommateur et l\u2019analyse sensorielle, dont les statistiques jouent un r\u00f4le important dans l\u2019interpr\u00e9tation des r\u00e9sultats. Cela nous permet d\u2019obtenir des rapports de r\u00e9sultats avec des recommandations claires et exploitables pour les services marketing et R&amp;D de l\u2019industrie alimentaire.<\/p>\n<p>Les \u00e9tudes quantitatives de Sensory Value sont con\u00e7ues pour <strong>faciliter la prise de d\u00e9cisions en mati\u00e8re d\u2019optimisation du produit<\/strong> pour les lancements et les reformulations. La <strong>strat\u00e9gie produit bas\u00e9e sur la sensorialit\u00e9<\/strong> est notre passion.<\/p>\n<h3 style=\"color: #da007f;\"><strong>Focalisation sur le client <\/strong><\/h3>\n<p>Ces \u00e9tudes sont le r\u00e9sultat d\u2019un cycle de travail enti\u00e8rement centr\u00e9 sur le produit et le client, avec des m\u00e9thodologies ad hoc en fonction des objectifs \u00e0 atteindre:<\/p>\n<ul>\n<li>R\u00e9unions de briefing projet.<\/li>\n<li>Contre-briefing de la part de Sensory Value, avec interpr\u00e9tations et recommandations.<\/li>\n<li>Test de produit en interne pour conna\u00eetre ce qu\u2019il faut exploiter lors du test de produit aupr\u00e8s des consommateurs.<\/li>\n<li>\u00c9laboration de questionnaires et protocole d\u2019ex\u00e9cution du test de produit.<\/li>\n<li>Choix de la m\u00e9thodologie et\/ou d\u00e9veloppement de la m\u00e9thodologie ad hoc selon les besoins du client.<\/li>\n<li>Rigueur dans le processus d\u2019ex\u00e9cution du <em>field<\/em>.<\/li>\n<li>Interpr\u00e9tation des r\u00e9sultats en interne avec l\u2019\u00e9quipe de travail.<\/li>\n<li>Nouveau test de produit permettant d\u2019\u00e9laborer des recommandations.<\/li>\n<li>Pr\u00e9sentation des r\u00e9sultats avec les recommandations applicables.<\/li>\n<\/ul>\n<\/div>\n<div class='half last'><a href=\"http:\/\/www.sensoryvalue.com\/wp-content\/uploads\/2017\/03\/inf_cuantit-1.jpg\"><img loading=\"lazy\" decoding=\"async\" class=\"alignnone wp-image-1143 size-full\" src=\"http:\/\/www.sensoryvalue.com\/wp-content\/uploads\/2017\/03\/inf_cuantit-1.jpg\" width=\"1662\" height=\"2538\" srcset=\"https:\/\/www.sensoryvalue.com\/wp-content\/uploads\/2017\/03\/inf_cuantit-1.jpg 707w, https:\/\/www.sensoryvalue.com\/wp-content\/uploads\/2017\/03\/inf_cuantit-1-196x300.jpg 196w, https:\/\/www.sensoryvalue.com\/wp-content\/uploads\/2017\/03\/inf_cuantit-1-768x1173.jpg 768w, https:\/\/www.sensoryvalue.com\/wp-content\/uploads\/2017\/03\/inf_cuantit-1-671x1024.jpg 671w\" sizes=\"auto, (max-width: 1662px) 100vw, 1662px\" \/><\/a><\/div>\n<\/div>\n<p>&nbsp;<\/p>\n<p>&nbsp;<\/p>\n","protected":false},"excerpt":{"rendered":"<p>&nbsp; &nbsp; &nbsp;<\/p>\n","protected":false},"author":4,"featured_media":0,"parent":1425,"menu_order":0,"comment_status":"closed","ping_status":"closed","template":"page-faq.php","meta":{"_acf_changed":false,"footnotes":""},"class_list":["post-1434","page","type-page","status-publish","hentry"],"acf":[],"aioseo_notices":[],"_links":{"self":[{"href":"https:\/\/www.sensoryvalue.com\/fr\/wp-json\/wp\/v2\/pages\/1434","targetHints":{"allow":["GET"]}}],"collection":[{"href":"https:\/\/www.sensoryvalue.com\/fr\/wp-json\/wp\/v2\/pages"}],"about":[{"href":"https:\/\/www.sensoryvalue.com\/fr\/wp-json\/wp\/v2\/types\/page"}],"author":[{"embeddable":true,"href":"https:\/\/www.sensoryvalue.com\/fr\/wp-json\/wp\/v2\/users\/4"}],"replies":[{"embeddable":true,"href":"https:\/\/www.sensoryvalue.com\/fr\/wp-json\/wp\/v2\/comments?post=1434"}],"version-history":[{"count":4,"href":"https:\/\/www.sensoryvalue.com\/fr\/wp-json\/wp\/v2\/pages\/1434\/revisions"}],"predecessor-version":[{"id":2163,"href":"https:\/\/www.sensoryvalue.com\/fr\/wp-json\/wp\/v2\/pages\/1434\/revisions\/2163"}],"up":[{"embeddable":true,"href":"https:\/\/www.sensoryvalue.com\/fr\/wp-json\/wp\/v2\/pages\/1425"}],"wp:attachment":[{"href":"https:\/\/www.sensoryvalue.com\/fr\/wp-json\/wp\/v2\/media?parent=1434"}],"curies":[{"name":"wp","href":"https:\/\/api.w.org\/{rel}","templated":true}]}}