{"id":1437,"date":"2017-02-23T11:57:21","date_gmt":"2017-02-23T11:57:21","guid":{"rendered":"http:\/\/www.sensoryvalue.com\/conseil-en-strategie\/sensory-assets\/"},"modified":"2017-09-13T11:00:06","modified_gmt":"2017-09-13T09:00:06","slug":"sensory-assets","status":"publish","type":"page","link":"https:\/\/www.sensoryvalue.com\/fr\/conseil-en-strategie\/sensory-assets\/","title":{"rendered":"Sensory Assets"},"content":{"rendered":"<div class='clearfix'>\n<div class='half'>\n<p>Go\u00fbter un aliment ou une boisson procure des sensations bien plus puissantes que n\u2019importe quel message marketing.<\/p>\n<p>Les grandes marques prennent de plus en plus conscience que leurs Sensory Assets sont essentiels. Pour ces entreprises, il est indispensable de compter sur l\u2019expertise de sp\u00e9cialistes dans la <strong>d\u00e9tection d\u2019opportunit\u00e9s bas\u00e9es sur la sensorialit\u00e9<\/strong> et la <strong>gestion optimale de ces attributs sensoriels<\/strong> pour que leurs produits prennent le dessus sur la concurrence.<\/p>\n<h3 style=\"color: #da007f;\">Quel est le go\u00fbt d\u2019une marque\u00a0?<\/h3>\n<div class=\"destacado_sensoryAssets\">\n<p>Les <strong>Sensory Assets<\/strong> sont les propri\u00e9t\u00e9s sensorielles qui permettent de distinguer un produit et qui constituent de puissantes strat\u00e9gies de diff\u00e9renciation.<\/p>\n<p>De fait, le principal facteur de pr\u00e9f\u00e9rence et de fid\u00e9lisation d\u2019un produit pour un consommateur est sa <strong>perception organoleptique<\/strong>, une impression multisensorielle qui va au-del\u00e0 du simple go\u00fbt des produits. En effet, l\u2019ar\u00f4me, la texture et l\u2019aspect entrent en jeu, ainsi que de nombreuses autres caract\u00e9ristiques difficiles \u00e0 d\u00e9crire par une personne n\u2019\u00e9tant pas d\u00fbment <a href=\"http:\/\/www.sensoryvalue.com\/fr\/analyse-sensorielle\/sensoexpertlab\/\">form\u00e9e pour cela<\/a>.<\/p>\n<p>Sensory Value travaille avec tout type d\u2019aliment ou de boisson et en identifie les Sensory Assets. Cela nous permet de <strong>traduire et d\u2019interpr\u00e9ter des sensations<\/strong> ainsi que d\u2019aider nos clients \u00e0 d\u00e9velopper des produits qui cr\u00e9ent des exp\u00e9riences sensorielles permettant aux consommateurs de pr\u00e9f\u00e9rer ces produits par rapport \u00e0 d\u2019autres.<\/p>\n<\/div>\n<\/div>\n<div class='half last'>\n<p><a href=\"http:\/\/www.sensoryvalue.com\/wp-content\/uploads\/2017\/02\/SENSORYVALUE109-1-e1490697837667.jpg\"><img loading=\"lazy\" decoding=\"async\" class=\"alignnone wp-image-1069 size-full\" src=\"http:\/\/www.sensoryvalue.com\/wp-content\/uploads\/2017\/02\/SENSORYVALUE109-1-e1490697905816.jpg\" width=\"4093\" height=\"3840\" srcset=\"https:\/\/www.sensoryvalue.com\/wp-content\/uploads\/2017\/02\/SENSORYVALUE109-1-e1490697905816.jpg 1151w, https:\/\/www.sensoryvalue.com\/wp-content\/uploads\/2017\/02\/SENSORYVALUE109-1-e1490697905816-300x281.jpg 300w, https:\/\/www.sensoryvalue.com\/wp-content\/uploads\/2017\/02\/SENSORYVALUE109-1-e1490697905816-768x721.jpg 768w, https:\/\/www.sensoryvalue.com\/wp-content\/uploads\/2017\/02\/SENSORYVALUE109-1-e1490697905816-1024x961.jpg 1024w\" sizes=\"auto, (max-width: 4093px) 100vw, 4093px\" \/><\/a><\/p>\n<\/div>\n<\/div>\n<hr\/>\n<p style=\"text-align: center;\"><strong><span class='lead'>Nous faisons de la sensorialit\u00e9 une valeur pour un produit<\/span><\/strong><\/p>\n<hr\/>\n","protected":false},"excerpt":{"rendered":"","protected":false},"author":4,"featured_media":0,"parent":1425,"menu_order":0,"comment_status":"closed","ping_status":"closed","template":"page.php","meta":{"_acf_changed":false,"footnotes":""},"class_list":["post-1437","page","type-page","status-publish","hentry"],"acf":[],"aioseo_notices":[],"_links":{"self":[{"href":"https:\/\/www.sensoryvalue.com\/fr\/wp-json\/wp\/v2\/pages\/1437","targetHints":{"allow":["GET"]}}],"collection":[{"href":"https:\/\/www.sensoryvalue.com\/fr\/wp-json\/wp\/v2\/pages"}],"about":[{"href":"https:\/\/www.sensoryvalue.com\/fr\/wp-json\/wp\/v2\/types\/page"}],"author":[{"embeddable":true,"href":"https:\/\/www.sensoryvalue.com\/fr\/wp-json\/wp\/v2\/users\/4"}],"replies":[{"embeddable":true,"href":"https:\/\/www.sensoryvalue.com\/fr\/wp-json\/wp\/v2\/comments?post=1437"}],"version-history":[{"count":5,"href":"https:\/\/www.sensoryvalue.com\/fr\/wp-json\/wp\/v2\/pages\/1437\/revisions"}],"predecessor-version":[{"id":2605,"href":"https:\/\/www.sensoryvalue.com\/fr\/wp-json\/wp\/v2\/pages\/1437\/revisions\/2605"}],"up":[{"embeddable":true,"href":"https:\/\/www.sensoryvalue.com\/fr\/wp-json\/wp\/v2\/pages\/1425"}],"wp:attachment":[{"href":"https:\/\/www.sensoryvalue.com\/fr\/wp-json\/wp\/v2\/media?parent=1437"}],"curies":[{"name":"wp","href":"https:\/\/api.w.org\/{rel}","templated":true}]}}