{"id":1444,"date":"2017-02-23T13:03:35","date_gmt":"2017-02-23T13:03:35","guid":{"rendered":"http:\/\/www.sensoryvalue.com\/trabaja-con-nosotros\/"},"modified":"2018-05-17T12:46:12","modified_gmt":"2018-05-17T10:46:12","slug":"emploi","status":"publish","type":"page","link":"https:\/\/www.sensoryvalue.com\/fr\/emploi\/","title":{"rendered":"Emploi"},"content":{"rendered":"<p>L\u2019\u00e9quipe de Sensory Value est compos\u00e9e de <strong>professionnels apportant une grande valeur<\/strong> gr\u00e2ce \u00e0 leur exp\u00e9rience et leur formation pluridisciplinaire. Ils partagent une passion commune pour l\u2019<strong>innovation<\/strong>, l\u2019<strong>excellence<\/strong> et la <strong>proactivit\u00e9<\/strong> et s\u2019impliquent \u00e0 100\u00a0% dans tous les projets.<\/p>\n<p>Nous recherchons en permanence des talents pour nos bureaux en Espagne et en Italie, notamment dans les domaines de la statistique, du marketing, de l\u2019ing\u00e9nierie, de la biochimie et de l\u2019analyse sensorielle.<\/p>\n<p>Merci de nous envoyer votre CV \u00e0 vanesa.barba@sensoryvalue.com<\/p>\n<p><a href=\"http:\/\/www.sensoryvalue.com\/wp-content\/uploads\/2017\/02\/trabaja_con_nos-1.jpg\"><img loading=\"lazy\" decoding=\"async\" class=\"alignnone size-full wp-image-1141\" src=\"http:\/\/www.sensoryvalue.com\/wp-content\/uploads\/2017\/02\/trabaja_con_nos-1.jpg\" alt=\"\" width=\"6016\" height=\"1983\" srcset=\"https:\/\/www.sensoryvalue.com\/wp-content\/uploads\/2017\/02\/trabaja_con_nos-1.jpg 1920w, https:\/\/www.sensoryvalue.com\/wp-content\/uploads\/2017\/02\/trabaja_con_nos-1-300x99.jpg 300w, https:\/\/www.sensoryvalue.com\/wp-content\/uploads\/2017\/02\/trabaja_con_nos-1-768x253.jpg 768w, https:\/\/www.sensoryvalue.com\/wp-content\/uploads\/2017\/02\/trabaja_con_nos-1-1024x338.jpg 1024w\" sizes=\"auto, (max-width: 6016px) 100vw, 6016px\" \/><\/a><\/p>\n","protected":false},"excerpt":{"rendered":"<p>L\u2019\u00e9quipe de Sensory Value est compos\u00e9e de professionnels apportant une grande valeur gr\u00e2ce \u00e0 leur exp\u00e9rience et leur formation pluridisciplinaire. Ils partagent une passion commune pour l\u2019innovation, l\u2019excellence et la proactivit\u00e9 et s\u2019impliquent \u00e0 100\u00a0% dans tous les projets. Nous recherchons en permanence des talents pour nos bureaux en Espagne et en Italie, notamment dans [&hellip;]<\/p>\n","protected":false},"author":4,"featured_media":0,"parent":0,"menu_order":0,"comment_status":"closed","ping_status":"closed","template":"page-sidebar.php","meta":{"_acf_changed":false,"footnotes":""},"class_list":["post-1444","page","type-page","status-publish","hentry"],"acf":[],"aioseo_notices":[],"_links":{"self":[{"href":"https:\/\/www.sensoryvalue.com\/fr\/wp-json\/wp\/v2\/pages\/1444","targetHints":{"allow":["GET"]}}],"collection":[{"href":"https:\/\/www.sensoryvalue.com\/fr\/wp-json\/wp\/v2\/pages"}],"about":[{"href":"https:\/\/www.sensoryvalue.com\/fr\/wp-json\/wp\/v2\/types\/page"}],"author":[{"embeddable":true,"href":"https:\/\/www.sensoryvalue.com\/fr\/wp-json\/wp\/v2\/users\/4"}],"replies":[{"embeddable":true,"href":"https:\/\/www.sensoryvalue.com\/fr\/wp-json\/wp\/v2\/comments?post=1444"}],"version-history":[{"count":2,"href":"https:\/\/www.sensoryvalue.com\/fr\/wp-json\/wp\/v2\/pages\/1444\/revisions"}],"predecessor-version":[{"id":3348,"href":"https:\/\/www.sensoryvalue.com\/fr\/wp-json\/wp\/v2\/pages\/1444\/revisions\/3348"}],"wp:attachment":[{"href":"https:\/\/www.sensoryvalue.com\/fr\/wp-json\/wp\/v2\/media?parent=1444"}],"curies":[{"name":"wp","href":"https:\/\/api.w.org\/{rel}","templated":true}]}}