{"id":1446,"date":"2017-02-22T13:34:49","date_gmt":"2017-02-22T13:34:49","guid":{"rendered":"http:\/\/www.sensoryvalue.com\/analisis-sensorial\/"},"modified":"2017-07-26T18:48:19","modified_gmt":"2017-07-26T16:48:19","slug":"analyse-sensorielle","status":"publish","type":"page","link":"https:\/\/www.sensoryvalue.com\/fr\/analyse-sensorielle\/","title":{"rendered":"Analyse Sensorielle"},"content":{"rendered":"<p>&nbsp;<\/p>\n<div class='clearfix'>\n<div class='half'>\n<p>L\u2019<strong>analyse sensorielle<\/strong> est une m\u00e9thode scientifique qui d\u00e9tecte, identifie et quantifie les r\u00e9ponses \u00e0 des stimulus tels que l\u2019homme les per\u00e7oit \u00e0 travers les sens. L\u2019<strong>analyse sensorielle<\/strong> permet donc d\u2019obtenir la description organoleptique objective et quantitative des caract\u00e9ristiques d\u2019un produit en mati\u00e8re d\u2019apparence, d\u2019odeur, de texture et de go\u00fbt.<\/p>\n<p>Pour relever ces d\u00e9fis, Sensory Value dispose du <strong>SensoExpertLab<\/strong>, un panel entra\u00een\u00e9 et form\u00e9 sur la m\u00e9thodologie de prestige international du secteur alimentaire, <strong>Sensory Spectrum\u2122<\/strong>.<\/p>\n<\/div>\n<div class='half last'>\n<p><a href=\"http:\/\/www.sensoryvalue.com\/wp-content\/uploads\/2017\/02\/SENSORYVALUE075-e1490700831284.jpg\"><img loading=\"lazy\" decoding=\"async\" class=\"alignnone wp-image-1006 \" src=\"http:\/\/www.sensoryvalue.com\/wp-content\/uploads\/2017\/02\/SENSORYVALUE075-e1490700831284.jpg\" width=\"413\" height=\"240\" srcset=\"https:\/\/www.sensoryvalue.com\/wp-content\/uploads\/2017\/02\/SENSORYVALUE075-e1490700831284.jpg 1862w, https:\/\/www.sensoryvalue.com\/wp-content\/uploads\/2017\/02\/SENSORYVALUE075-e1490700831284-300x174.jpg 300w, https:\/\/www.sensoryvalue.com\/wp-content\/uploads\/2017\/02\/SENSORYVALUE075-e1490700831284-768x445.jpg 768w, https:\/\/www.sensoryvalue.com\/wp-content\/uploads\/2017\/02\/SENSORYVALUE075-e1490700831284-1024x594.jpg 1024w\" sizes=\"auto, (max-width: 413px) 100vw, 413px\" \/><\/a><\/p>\n<\/div>\n<\/div>\n<p>&nbsp;<\/p>\n","protected":false},"excerpt":{"rendered":"<p>&nbsp; &nbsp;<\/p>\n","protected":false},"author":4,"featured_media":0,"parent":0,"menu_order":3,"comment_status":"closed","ping_status":"closed","template":"page-faq.php","meta":{"_acf_changed":false,"footnotes":""},"class_list":["post-1446","page","type-page","status-publish","hentry"],"acf":[],"aioseo_notices":[],"_links":{"self":[{"href":"https:\/\/www.sensoryvalue.com\/fr\/wp-json\/wp\/v2\/pages\/1446","targetHints":{"allow":["GET"]}}],"collection":[{"href":"https:\/\/www.sensoryvalue.com\/fr\/wp-json\/wp\/v2\/pages"}],"about":[{"href":"https:\/\/www.sensoryvalue.com\/fr\/wp-json\/wp\/v2\/types\/page"}],"author":[{"embeddable":true,"href":"https:\/\/www.sensoryvalue.com\/fr\/wp-json\/wp\/v2\/users\/4"}],"replies":[{"embeddable":true,"href":"https:\/\/www.sensoryvalue.com\/fr\/wp-json\/wp\/v2\/comments?post=1446"}],"version-history":[{"count":3,"href":"https:\/\/www.sensoryvalue.com\/fr\/wp-json\/wp\/v2\/pages\/1446\/revisions"}],"predecessor-version":[{"id":2474,"href":"https:\/\/www.sensoryvalue.com\/fr\/wp-json\/wp\/v2\/pages\/1446\/revisions\/2474"}],"wp:attachment":[{"href":"https:\/\/www.sensoryvalue.com\/fr\/wp-json\/wp\/v2\/media?parent=1446"}],"curies":[{"name":"wp","href":"https:\/\/api.w.org\/{rel}","templated":true}]}}