{"id":1449,"date":"2017-02-23T11:56:33","date_gmt":"2017-02-23T11:56:33","guid":{"rendered":"http:\/\/www.sensoryvalue.com\/analyse-sensorielle\/sensoexpertlab\/"},"modified":"2017-07-26T18:50:18","modified_gmt":"2017-07-26T16:50:18","slug":"sensoexpertlab","status":"publish","type":"page","link":"https:\/\/www.sensoryvalue.com\/fr\/analyse-sensorielle\/sensoexpertlab\/","title":{"rendered":"SensoExpertLab"},"content":{"rendered":"<p>Le <strong>SensoExpertLab<\/strong> de Sensory Value est l\u2019un des \u00e9l\u00e9ments cruciaux de notre travail d\u2019analyse sensorielle des produits.<\/p>\n<p>Pour r\u00e9aliser nos <a href=\"http:\/\/www.sensoryvalue.com\/fr\/analyse-sensorielle\/\">analyses sensorielles<\/a>, nous disposons de <strong>deux panels d\u2019experts<\/strong> form\u00e9s sur la m\u00e9thodologie <strong>Sensory Spectrum\u2122<\/strong>, l\u2019une des plus prestigieuses dans le domaine de l\u2019analyse sensorielle \u00e0 l\u2019\u00e9chelle internationale. Nos pan\u00e9listes \u00e9valuent tout type de produit alimentaire ou de boisson en effectuant une analyse par attributs.<\/p>\n<div class='clearfix'>\n<div class='third'>\n<p>&nbsp;<\/p>\n<h3 style=\"text-align: center;\">\u00c9valuation universelle<\/h3>\n<h3 style=\"text-align: center;\">Applicable \u00e0 toute cat\u00e9gorie<\/h3>\n<h3 style=\"text-align: center;\">Outil objectif<\/h3>\n<h3 style=\"text-align: center;\">Formation continue<\/h3>\n<h3 style=\"text-align: center;\">\u00c0 plein temps<\/h3>\n<h3 style=\"text-align: center;\">R\u00e9sultats comparables dans le temps<\/h3>\n<p>&nbsp;<\/p>\n<\/div>\n<div class='two-thirds last'>\n<p><a href=\"http:\/\/www.sensoryvalue.com\/wp-content\/uploads\/2017\/02\/05_SV_info_panel_3-100.jpg\"><img loading=\"lazy\" decoding=\"async\" class=\"alignnone wp-image-1488 size-full\" src=\"http:\/\/www.sensoryvalue.com\/wp-content\/uploads\/2017\/02\/05_SV_info_panel_3-100.jpg\" width=\"1431\" height=\"848\" srcset=\"https:\/\/www.sensoryvalue.com\/wp-content\/uploads\/2017\/02\/05_SV_info_panel_3-100.jpg 1431w, https:\/\/www.sensoryvalue.com\/wp-content\/uploads\/2017\/02\/05_SV_info_panel_3-100-300x178.jpg 300w, https:\/\/www.sensoryvalue.com\/wp-content\/uploads\/2017\/02\/05_SV_info_panel_3-100-768x455.jpg 768w, https:\/\/www.sensoryvalue.com\/wp-content\/uploads\/2017\/02\/05_SV_info_panel_3-100-1024x607.jpg 1024w\" sizes=\"auto, (max-width: 1431px) 100vw, 1431px\" \/><\/a><\/p>\n<\/div>\n<\/div>\n","protected":false},"excerpt":{"rendered":"<p>Le SensoExpertLab de Sensory Value est l\u2019un des \u00e9l\u00e9ments cruciaux de notre travail d\u2019analyse sensorielle des produits. Pour r\u00e9aliser nos analyses sensorielles, nous disposons de deux panels d\u2019experts form\u00e9s sur la m\u00e9thodologie Sensory Spectrum\u2122, l\u2019une des plus prestigieuses dans le domaine de l\u2019analyse sensorielle \u00e0 l\u2019\u00e9chelle internationale. Nos pan\u00e9listes \u00e9valuent tout type de produit alimentaire [&hellip;]<\/p>\n","protected":false},"author":4,"featured_media":0,"parent":1446,"menu_order":0,"comment_status":"closed","ping_status":"closed","template":"page-faq.php","meta":{"_acf_changed":false,"footnotes":""},"class_list":["post-1449","page","type-page","status-publish","hentry"],"acf":[],"aioseo_notices":[],"_links":{"self":[{"href":"https:\/\/www.sensoryvalue.com\/fr\/wp-json\/wp\/v2\/pages\/1449","targetHints":{"allow":["GET"]}}],"collection":[{"href":"https:\/\/www.sensoryvalue.com\/fr\/wp-json\/wp\/v2\/pages"}],"about":[{"href":"https:\/\/www.sensoryvalue.com\/fr\/wp-json\/wp\/v2\/types\/page"}],"author":[{"embeddable":true,"href":"https:\/\/www.sensoryvalue.com\/fr\/wp-json\/wp\/v2\/users\/4"}],"replies":[{"embeddable":true,"href":"https:\/\/www.sensoryvalue.com\/fr\/wp-json\/wp\/v2\/comments?post=1449"}],"version-history":[{"count":7,"href":"https:\/\/www.sensoryvalue.com\/fr\/wp-json\/wp\/v2\/pages\/1449\/revisions"}],"predecessor-version":[{"id":2475,"href":"https:\/\/www.sensoryvalue.com\/fr\/wp-json\/wp\/v2\/pages\/1449\/revisions\/2475"}],"up":[{"embeddable":true,"href":"https:\/\/www.sensoryvalue.com\/fr\/wp-json\/wp\/v2\/pages\/1446"}],"wp:attachment":[{"href":"https:\/\/www.sensoryvalue.com\/fr\/wp-json\/wp\/v2\/media?parent=1449"}],"curies":[{"name":"wp","href":"https:\/\/api.w.org\/{rel}","templated":true}]}}