{"id":1455,"date":"2017-02-22T13:36:47","date_gmt":"2017-02-22T13:36:47","guid":{"rendered":"http:\/\/www.sensoryvalue.com\/politica-de-privacidad\/"},"modified":"2017-04-10T09:58:56","modified_gmt":"2017-04-10T09:58:56","slug":"declaration-de-confidentialite","status":"publish","type":"page","link":"https:\/\/www.sensoryvalue.com\/fr\/declaration-de-confidentialite\/","title":{"rendered":"D\u00e9claration de confidentialit\u00e9"},"content":{"rendered":"<p><strong><span style=\"color: #da007f;\">\u00c1mbito de Aplicaci\u00f3n<\/span><\/strong><br \/>\nABANTE &amp; PONGILUPPI, S.L., (en adelante, \u00ab\u00a0Sensory Value\u00a0\u00bb) se compromete a respetar la privacidad de quienes visitan y utilizan su web alojada bajo la URL www.sensoryvalue.com (el \u00ab\u00a0Sitio Web\u00a0\u00bb).<br \/>\nLa presente Pol\u00edtica de Privacidad tiene como finalidad informar al usuario acerca del tratamiento de los datos personales que se recogen a trav\u00e9s del Sitio Web y de los servicios a \u00e9sta asociados, de conformidad con la Ley Org\u00e1nica 15\/1999, de 13 de diciembre, de Protecci\u00f3n de Datos de Car\u00e1cter Personal, la normativa que la desarrolla y la Ley 34\/2002, de 11 de julio, de Servicios de la Sociedad de la Informaci\u00f3n y de Comercio Electr\u00f3nico.<br \/>\nLa utilizaci\u00f3n del Sitio Web o de cualquiera de sus servicios asociados implica la aceptaci\u00f3n por el usuario de las disposiciones contenidas en la presente Pol\u00edtica de Privacidad y que sus datos personales sean tratados seg\u00fan se estipula en la misma.<\/p>\n<p>&nbsp;<\/p>\n<p><strong><span style=\"color: #da007f;\">Responsable del fichero<\/span><\/strong><br \/>\nLos datos personales del usuario recogidos a trav\u00e9s del Sitio Web ser\u00e1n incluidos en un fichero cuyo responsable es Sensory Value, con domicilio social en C\/ TOLEDO 10 CASA 1 08195 SANT CUGAT DEL VALLES (Barcelona) \u2013 Espa\u00f1a.<\/p>\n<p>&nbsp;<\/p>\n<p><strong><span style=\"color: #da007f;\">Finalidades<\/span><\/strong><br \/>\nSi el usuario contacta con Sensory Value a trav\u00e9s del Sitio Web, sus datos personales se utilizaran para darle respuesta a las peticiones de informaci\u00f3n y otras consultas que hubiera formulado.<\/p>\n<p>&nbsp;<\/p>\n<p><strong><span style=\"color: #da007f;\">Confidencialidad y seguridad<\/span><\/strong><br \/>\nLos datos personales de los usuarios ser\u00e1n tratados con total confidencialidad. Sensory Value no ceder\u00e1 en ning\u00fan caso los datos personales de los usuarios a terceras personas ajenas a Sensory Value, salvo que sea requerido por ley.<br \/>\nSensory Value informa que adoptar\u00e1 las medidas de \u00edndole t\u00e9cnica y organizativas necesarias para evitar la alteraci\u00f3n, p\u00e9rdida, tratamiento o acceso no autorizado de los datos, habida cuenta del estado de la tecnolog\u00eda, la naturaleza de los datos almacenados y los riesgos a que est\u00e1n expuestos, ya provengan de la acci\u00f3n humana o del medio f\u00edsico o natural. Sin embargo, no existe ning\u00fan sistema completamente seguro, por lo que Sensory Value no puede garantizar que los datos puedan estar totalmente protegidos en todo momento y bajo cualquier circunstancia ajena a Sensory Value.<\/p>\n<p>&nbsp;<\/p>\n<p><strong><span style=\"color: #da007f;\">Datos de terceros<\/span><\/strong><br \/>\nEn el supuesto de que el usuario facilite datos personales de terceras personas, \u00e9ste garantiza haber obtenido su previo consentimiento y haberles informado previamente de las condiciones y finalidades para las cuales Sensory Value utilizar\u00e1 sus datos personales. Si Sensory Value lo requiere, el usuario deber\u00e1 acreditar haber obtenido dicho consentimiento.<\/p>\n<p>&nbsp;<\/p>\n<p><strong><span style=\"color: #da007f;\">Menores<\/span><\/strong><br \/>\nEl Sitio Web no recopila intencionadamente datos personales de visitantes menores de catorce (14) a\u00f1os.<\/p>\n<p>&nbsp;<\/p>\n<p><strong><span style=\"color: #da007f;\">Calidad de los datos<\/span><\/strong><br \/>\nLos datos proporcionados por el usuario deber\u00e1n ser exactos y veraces. En todo caso, recae sobre el usuario la obligaci\u00f3n de mantener sus datos actualizados.<\/p>\n<p>&nbsp;<\/p>\n<p><strong><span style=\"color: #da007f;\">Derechos de acceso, rectificaci\u00f3n, cancelaci\u00f3n y oposici\u00f3n<\/span><\/strong><br \/>\nEn cualquier momento el usuario podr\u00e1 acceder, rectificar, cancelar u oponerse al tratamiento de sus datos personales dirigi\u00e9ndose a la pesta\u00f1a \u00ab\u00a0Contacto\u00a0\u00bb del Sitio Web, o bien enviando una comunicaci\u00f3n por escrito a info@sensoryvalue.com.<\/p>\n<p>&nbsp;<\/p>\n<p><strong><span style=\"color: #da007f;\">Cookies<\/span><\/strong><br \/>\nUna cookie es un peque\u00f1o fichero de texto que se almacena en su navegador cuando visita casi cualquier p\u00e1gina web. Su utilidad es que la web sea capaz de recordar su visita cuando vuelva a navegar por esa p\u00e1gina. Las cookies suelen almacenar informaci\u00f3n de car\u00e1cter t\u00e9cnico, preferencias personales, personalizaci\u00f3n de contenidos, estad\u00edsticas de uso, enlaces a redes sociales, acceso a cuentas de usuario, etc. El objetivo de la cookie es adaptar el contenido de la web a su perfil y necesidades, sin cookies los servicios ofrecidos por cualquier p\u00e1gina se ver\u00edan mermados notablemente. Si desea consultar m\u00e1s informaci\u00f3n sobre qu\u00e9 son las cookies, qu\u00e9 almacenan, c\u00f3mo eliminarlas, desactivarlas, etc. le rogamos se dirija a este enlace.<\/p>\n<p><strong><span style=\"color: #da007f;\">Cookies utilizadas en este sitio web<\/span><\/strong><br \/>\nSiguiendo las directrices de la Agencia Espa\u00f1ola de Protecci\u00f3n de Datos procedemos a detallar el uso de cookies que hace esta web con el fin de informarle con la m\u00e1xima exactitud posible.<br \/>\nEste sitio web utiliza las siguientes <strong><span style=\"color: #da007f;\">cookies propias<\/span><\/strong>:<\/p>\n<p>&#8211; Cookies de sesi\u00f3n, para garantizar que los usuarios que escriban comentarios en el blog sean humanos y no aplicaciones automatizadas. De esta forma se combate el spam.<br \/>\nEste sitio web utiliza las siguientes <strong><span style=\"color: #da007f;\">cookies de terceros<\/span><\/strong>:<\/p>\n<p>&#8211; Google Analytics: Almacena cookies para poder elaborar estad\u00edsticas sobre el tr\u00e1fico y volumen de visitas de esta web. Al utilizar este sitio web est\u00e1 consintiendo el tratamiento de informaci\u00f3n acerca de usted por Google.<br \/>\n&#8211; Redes sociales: Cada red social utiliza sus propias cookies para que usted pueda pinchar en botones del tipo Me gusta o Compartir.<\/p>\n<p><strong><span style=\"color: #da007f;\">Desactivaci\u00f3n o eliminaci\u00f3n de cookies<\/span><\/strong><br \/>\nEn cualquier momento podr\u00e1 ejercer su derecho de desactivaci\u00f3n o eliminaci\u00f3n de cookies de este sitio web. Estas acciones se realizan de forma diferente en funci\u00f3n del navegador que est\u00e9 usando. Aqu\u00ed le dejamos una gu\u00eda r\u00e1pida para los navegadores m\u00e1s populares.<br \/>\nNotas adicionales<\/p>\n<p>Ni esta web ni sus representantes legales se hacen responsables ni del contenido ni de la veracidad de las pol\u00edticas de privacidad que puedan tener los terceros mencionados en esta pol\u00edtica de cookies.<br \/>\nLos navegadores web son las herramientas encargadas de almacenar las cookies y desde este lugar debe efectuar su derecho a eliminaci\u00f3n o desactivaci\u00f3n de las mismas. Ni esta web ni sus representantes legales pueden garantizar la correcta o incorrecta manipulaci\u00f3n de las cookies por parte de los mencionados navegadores.<br \/>\nEn algunos casos es necesario instalar cookies para que el navegador no olvide su decisi\u00f3n de no aceptaci\u00f3n de las mismas.<br \/>\nEn el caso de las cookies de Google Analytics, esta empresa almacena las cookies en servidores ubicados en Estados Unidos y se compromete a no compartirla con terceros, excepto en los casos en los que sea necesario para el funcionamiento del sistema o cuando la ley obligue a tal efecto. Seg\u00fan Google no guarda su direcci\u00f3n IP. Google Inc. es una compa\u00f1\u00eda adherida al Acuerdo de Puerto Seguro que garantiza que todos los datos transferidos ser\u00e1n tratados con un nivel de protecci\u00f3n acorde a la normativa europea. Puede consultar informaci\u00f3n detallada a este respecto en este enlace. Si desea informaci\u00f3n sobre el uso que Google da a las cookies le adjuntamos este otro enlace.<br \/>\nPara cualquier duda o consulta acerca de esta pol\u00edtica de cookies no dude en comunicarse con nosotros a trav\u00e9s de la secci\u00f3n de contacto.<\/p>\n<p><strong><span style=\"color: #da007f;\">Spam<\/span><\/strong><br \/>\nSensory Value no aprueba la pr\u00e1ctica del \u00ab\u00a0spamming\u00a0\u00bb. Dicho t\u00e9rmino significa el env\u00edo masivo y repetido de mensajes de correo electr\u00f3nico no solicitados, normalmente de car\u00e1cter comercial, a personas con las cuales el remitente no haya mantenido ning\u00fan contacto anterior, o que hayan expresado su deseo de no recibir tales mensajes.<br \/>\nEn el caso de que Sensory Value estime que cierta informaci\u00f3n pueda ser de inter\u00e9s para el usuario, se reserva el derecho a facilitarle dicha informaci\u00f3n por correo electr\u00f3nico, previo su consentimiento y ofreci\u00e9ndole siempre la oportunidad de excluirse de dicho servicio.<\/p>\n","protected":false},"excerpt":{"rendered":"<p>\u00c1mbito de Aplicaci\u00f3n ABANTE &amp; PONGILUPPI, S.L., (en adelante, \u00ab\u00a0Sensory Value\u00a0\u00bb) se compromete a respetar la privacidad de quienes visitan y utilizan su web alojada bajo la URL www.sensoryvalue.com (el \u00ab\u00a0Sitio Web\u00a0\u00bb). La presente Pol\u00edtica de Privacidad tiene como finalidad informar al usuario acerca del tratamiento de los datos personales que se recogen a trav\u00e9s [&hellip;]<\/p>\n","protected":false},"author":4,"featured_media":0,"parent":0,"menu_order":11,"comment_status":"closed","ping_status":"closed","template":"","meta":{"_acf_changed":false,"footnotes":""},"class_list":["post-1455","page","type-page","status-publish","hentry"],"acf":[],"aioseo_notices":[],"_links":{"self":[{"href":"https:\/\/www.sensoryvalue.com\/fr\/wp-json\/wp\/v2\/pages\/1455","targetHints":{"allow":["GET"]}}],"collection":[{"href":"https:\/\/www.sensoryvalue.com\/fr\/wp-json\/wp\/v2\/pages"}],"about":[{"href":"https:\/\/www.sensoryvalue.com\/fr\/wp-json\/wp\/v2\/types\/page"}],"author":[{"embeddable":true,"href":"https:\/\/www.sensoryvalue.com\/fr\/wp-json\/wp\/v2\/users\/4"}],"replies":[{"embeddable":true,"href":"https:\/\/www.sensoryvalue.com\/fr\/wp-json\/wp\/v2\/comments?post=1455"}],"version-history":[{"count":2,"href":"https:\/\/www.sensoryvalue.com\/fr\/wp-json\/wp\/v2\/pages\/1455\/revisions"}],"predecessor-version":[{"id":1809,"href":"https:\/\/www.sensoryvalue.com\/fr\/wp-json\/wp\/v2\/pages\/1455\/revisions\/1809"}],"wp:attachment":[{"href":"https:\/\/www.sensoryvalue.com\/fr\/wp-json\/wp\/v2\/media?parent=1455"}],"curies":[{"name":"wp","href":"https:\/\/api.w.org\/{rel}","templated":true}]}}