{"id":1459,"date":"2017-02-22T13:17:54","date_gmt":"2017-02-22T13:17:54","guid":{"rendered":"http:\/\/www.sensoryvalue.com\/quienes-somos\/"},"modified":"2021-03-22T15:38:17","modified_gmt":"2021-03-22T14:38:17","slug":"a-propos","status":"publish","type":"page","link":"https:\/\/www.sensoryvalue.com\/fr\/a-propos\/","title":{"rendered":"\u00c0 Propos"},"content":{"rendered":"<div class='clearfix'>\n<div class='two-thirds'>\n<p>&nbsp;<\/p>\n<p>Sensory Value est le <strong>premier et le seul cabinet-conseil d\u2019analyse sensorielle de produit<\/strong> d\u00e9di\u00e9 exclusivement aux march\u00e9s des aliments et des boissons \u00e0 l\u2019\u00e9chelle internationale.<\/p>\n<p>Fond\u00e9e en\u00a02000, l\u2019entreprise voit le jour pour apporter une valeur aux soci\u00e9te\u00e9s de l\u2019industrie alimentaire dans la gestion des attributs sensoriels de leurs produits. Sensory Value est un partenaire qui facilite la prise de d\u00e9cisions en interne, notamment par les responsables marketing, \u00e9tudes de march\u00e9 et consumer insights entre autres pour le lancement ou la reformulation de produits afin de garantir leur succ\u00e8s sur le march\u00e9.<\/p>\n<p>Gr\u00e2ce \u00e0 ses m\u00e9thodologies innovantes, Sensory Value est capable de trouver le produit id\u00e9al. Les \u00e9tudes de march\u00e9, l\u2019orientation client, la sp\u00e9cialisation dans l\u2019alimentation et les boissons ainsi que la position de leader de Sensory Value en font le partenaire de confiance de l\u2019industrie alimentaire pour le d\u00e9veloppement et l\u2019innovation de produits.<\/p>\n<\/div>\n<div class='third last'>\n<p><a href=\"https:\/\/www.sensoryvalue.com\/wp-content\/uploads\/2021\/03\/quienes-somos-fr.png\"><img loading=\"lazy\" decoding=\"async\" class=\"alignnone wp-image-3849\" src=\"https:\/\/www.sensoryvalue.com\/wp-content\/uploads\/2021\/03\/quienes-somos-fr.png\" alt=\"\" width=\"450\" height=\"390\" srcset=\"https:\/\/www.sensoryvalue.com\/wp-content\/uploads\/2021\/03\/quienes-somos-fr.png 574w, https:\/\/www.sensoryvalue.com\/wp-content\/uploads\/2021\/03\/quienes-somos-fr-300x260.png 300w\" sizes=\"auto, (max-width: 450px) 100vw, 450px\" \/><\/a><\/p>\n<\/div>\n<\/div>\n<p><img loading=\"lazy\" decoding=\"async\" class=\"alignnone wp-image-1900\" src=\"http:\/\/www.sensoryvalue.com\/wp-content\/uploads\/2018\/03\/campo.png\" alt=\"\" width=\"1384\" height=\"501\" \/><\/p>\n<div class='clearfix'>\n<hr\/>\n<h3 style=\"color: #da007f;\">Pourquoi Sensory Value\u00a0?<\/h3>\n<div class='clearfix'><\/div>\n<div class='third'>\n<h4>La passion nous anime<\/h4>\n<p>Nous cr\u00e9ons une valeur ajout\u00e9e pour nos clients, pour qui nous d\u00e9veloppons des m\u00e9thodologies ad hoc en alliant test de produit et analyse sensorielle. Nous nous donnons corps et \u00e2me dans notre travail et nous consid\u00e9rons les projets de nos clients comme nos propres projets.<\/p>\n<\/div>\n<div class='third'>\n<h4>Nous sommes internationaux<\/h4>\n<p>Avec notre si\u00e8ge \u00e0 Sant Cugat del Vall\u00e8s (Barcelone, Espagne) et des bureaux en Italie, nous sommes les leaders de notre secteur et faisons partie d\u2019un r\u00e9seau de partenariat mondial. Nous sommes adh\u00e9rents <a href=\"https:\/\/www.esomar.org\/\">ESOMAR World Research<\/a> et d&rsquo; <a href=\"http:\/\/www.aedemo.es\/aedemo\/\">AEDEMO<\/a>.<\/p>\n<\/div>\n<div class='third last'>\n<h4>Plus de 100\u00a0clients nous font confiance<\/h4>\n<p>Nous avons test\u00e9 plus de 9 000 produits de toutes les cat\u00e9gories du secteur de l\u2019alimentation et des boissons. Nos clients ont pu constater que nos recommandations en mati\u00e8re de strat\u00e9gie produit ont apport\u00e9 un grand succ\u00e8s commercial aux entreprises ayant fait confiance \u00e0 Sensory Value.<\/p>\n<\/div>\n<\/div>\n","protected":false},"excerpt":{"rendered":"","protected":false},"author":4,"featured_media":0,"parent":0,"menu_order":7,"comment_status":"closed","ping_status":"closed","template":"page-faq.php","meta":{"_acf_changed":false,"footnotes":""},"class_list":["post-1459","page","type-page","status-publish","hentry"],"acf":[],"aioseo_notices":[],"_links":{"self":[{"href":"https:\/\/www.sensoryvalue.com\/fr\/wp-json\/wp\/v2\/pages\/1459","targetHints":{"allow":["GET"]}}],"collection":[{"href":"https:\/\/www.sensoryvalue.com\/fr\/wp-json\/wp\/v2\/pages"}],"about":[{"href":"https:\/\/www.sensoryvalue.com\/fr\/wp-json\/wp\/v2\/types\/page"}],"author":[{"embeddable":true,"href":"https:\/\/www.sensoryvalue.com\/fr\/wp-json\/wp\/v2\/users\/4"}],"replies":[{"embeddable":true,"href":"https:\/\/www.sensoryvalue.com\/fr\/wp-json\/wp\/v2\/comments?post=1459"}],"version-history":[{"count":11,"href":"https:\/\/www.sensoryvalue.com\/fr\/wp-json\/wp\/v2\/pages\/1459\/revisions"}],"predecessor-version":[{"id":3867,"href":"https:\/\/www.sensoryvalue.com\/fr\/wp-json\/wp\/v2\/pages\/1459\/revisions\/3867"}],"wp:attachment":[{"href":"https:\/\/www.sensoryvalue.com\/fr\/wp-json\/wp\/v2\/media?parent=1459"}],"curies":[{"name":"wp","href":"https:\/\/api.w.org\/{rel}","templated":true}]}}