{"id":1643,"date":"2017-02-23T12:04:22","date_gmt":"2017-02-23T12:04:22","guid":{"rendered":"http:\/\/www.sensoryvalue.com\/etude-de-marche\/test-de-producto\/"},"modified":"2021-01-28T16:49:42","modified_gmt":"2021-01-28T15:49:42","slug":"test-de-produit","status":"publish","type":"page","link":"https:\/\/www.sensoryvalue.com\/fr\/etude-de-marche\/test-de-produit\/","title":{"rendered":"Test de Produit"},"content":{"rendered":"<h3 style=\"color: #da007f;\">Quelle sensation offre mon produit aux consommateurs\u00a0?<\/h3>\n<p>Le <strong>test de produit<\/strong>, ou <strong>test consommateur<\/strong>, est une m\u00e9thodologie sp\u00e9cifique d\u2019\u00e9tude de march\u00e9 qui \u00e9value <strong>les opinions, les r\u00e9actions, les perceptions et les attitudes<\/strong> qu\u2019un produit suscite parmi un groupe de consommateurs afin de le g\u00e9n\u00e9raliser sur tout un march\u00e9.<\/p>\n<p>Gr\u00e2ce \u00e0 l\u2019expertise unique de Sensory Value sur les march\u00e9s de l\u2019alimentation et des boissons, nous poss\u00e9dons un grand savoir-faire en mati\u00e8re de <strong>test consommateur<\/strong> dans toutes les cat\u00e9gories du secteur alimentaire. Il existe de nombreuses modalit\u00e9s de test et de conception, mais Sensory Value recommande dans chaque cas la typologie d\u2019\u00e9tude la mieux adapt\u00e9e afin de r\u00e9pondre aux attentes et d\u2019atteindre les objectifs.<\/p>\n<p>Tout test de produit exige une pr\u00e9paration (\u00e9laboration de protocole) et une ex\u00e9cution tr\u00e8s rigoureuses, que Sensory Value garantit gr\u00e2ce \u00e0 l\u2019<strong>exp\u00e9rience de son \u00e9quipe et aux contr\u00f4les de qualit\u00e9 continus<\/strong>. Tous nos consultants poss\u00e8dent une grande exp\u00e9rience acquise dans les services marketing ou d\u2019\u00e9tudes de march\u00e9 de multinationales du secteur alimentaire.<\/p>\n<p>&nbsp;<\/p>\n<h3 style=\"color: #da007f;\">Vous trouverez ci-joint les fiches techniques de quelques unes de nos m\u00e9thodologies.<br \/>\nRemplissez le formulaire et t\u00e9l\u00e9chargez celles qui vous int\u00e9ressent le plus:<\/h3>\n<div class='clearfix'>\n<div class='fifth'>\n<div class=\"reafir\">\n<p><strong>SensoExpertLab\u00ae<\/strong><\/p>\n<p>Une m\u00e9thodologie qui permet d&rsquo;avoir des informations objectives et quantitatives sur la perception organoleptique d&rsquo;un produit.<\/p>\n<\/div>\n<\/div>\n<div class='fifth'>\n<div class=\"reafir\">\n<p><strong>Consumer Screening Test<\/strong><\/p>\n<p>Avec cette m\u00e9thodologie, il est possible d&rsquo;identifier la meilleure option parmi plusieurs prototypes pour un nouveau lancement ou pour une substitution de produit.<\/p>\n<\/div>\n<\/div>\n<div class='fifth'>\n<div class=\"reafir\">\n<p><strong>PRC- Product Replacement Check<\/strong><\/p>\n<p>Pour v\u00e9rifier les performances du nouveau prototype par rapport au produit actuel et identifier les am\u00e9liorations de la formule avant l&rsquo;\u00e9tape de substitution.<\/p>\n<\/div>\n<\/div>\n<div class='fifth'>\n<div class=\"reafir\">\n<p><strong>PSM- Product Superiority Montitoring<\/strong><\/p>\n<p>Pour v\u00e9rifier la sup\u00e9riorit\u00e9 du produit par rapport au principal concurrent et identifier les am\u00e9liorations de recette.<\/p>\n<\/div>\n<\/div>\n<div class='fifth last'>\n<div class=\"reafir\">\n<p><strong>SensoConsumer&#x2122;<\/strong><\/p>\n<p>Analyse approfondie de la cat\u00e9gorie pour comprendre les principaux drivers d&rsquo;acceptation et identifier des clusters de pr\u00e9f\u00e9rence parmi les consommateurs.<\/p>\n<\/div>\n<\/div>\n<\/div>\n<div class='clearfix'>\n<div class='half'>\n\n<div class=\"wpcf7 no-js\" id=\"wpcf7-f3694-o1\" lang=\"es-ES\" dir=\"ltr\" data-wpcf7-id=\"3694\">\n<div class=\"screen-reader-response\"><p role=\"status\" aria-live=\"polite\" aria-atomic=\"true\"><\/p> <ul><\/ul><\/div>\n<form action=\"\/fr\/wp-json\/wp\/v2\/pages\/1643#wpcf7-f3694-o1\" method=\"post\" class=\"wpcf7-form init\" aria-label=\"Formulario de contacto\" novalidate=\"novalidate\" data-status=\"init\">\n<fieldset class=\"hidden-fields-container\"><input type=\"hidden\" name=\"_wpcf7\" value=\"3694\" \/><input type=\"hidden\" name=\"_wpcf7_version\" value=\"6.1.5\" \/><input type=\"hidden\" name=\"_wpcf7_locale\" value=\"es_ES\" \/><input type=\"hidden\" name=\"_wpcf7_unit_tag\" value=\"wpcf7-f3694-o1\" \/><input type=\"hidden\" name=\"_wpcf7_container_post\" value=\"0\" \/><input type=\"hidden\" name=\"_wpcf7_posted_data_hash\" value=\"\" \/>\n<\/fieldset>\n<div class=\"wpcf7-turnstile cf-turnstile\" data-sitekey=\"0x4AAAAAAB-95-_2SzxHA9Cu\" data-response-field-name=\"_wpcf7_turnstile_response\"><\/div>\n\n<p><span class=\"wpcf7-form-control-wrap\" data-name=\"your-name\"><input size=\"40\" maxlength=\"400\" class=\"wpcf7-form-control wpcf7-text wpcf7-validates-as-required\" aria-required=\"true\" aria-invalid=\"false\" placeholder=\"Name *\" value=\"\" type=\"text\" name=\"your-name\" \/><\/span><br \/>\n<span class=\"wpcf7-form-control-wrap\" data-name=\"your-email\"><input size=\"40\" maxlength=\"400\" class=\"wpcf7-form-control wpcf7-email wpcf7-validates-as-required wpcf7-text wpcf7-validates-as-email\" aria-required=\"true\" aria-invalid=\"false\" placeholder=\"Your email *\" value=\"\" type=\"email\" name=\"your-email\" \/><\/span><br \/>\n<span class=\"wpcf7-form-control-wrap\" data-name=\"your-company\"><input size=\"40\" maxlength=\"400\" class=\"wpcf7-form-control wpcf7-text wpcf7-validates-as-required\" aria-required=\"true\" aria-invalid=\"false\" placeholder=\"Company *\" value=\"\" type=\"text\" name=\"your-company\" \/><\/span><br \/>\n<span class=\"wpcf7-form-control-wrap\" data-name=\"interesado\"><select class=\"wpcf7-form-control wpcf7-select wpcf7-validates-as-required\" aria-required=\"true\" aria-invalid=\"false\" name=\"interesado\"><option value=\"\">What are you interested in?<\/option><option value=\"Sensory ExpertLab\u00ae\">Sensory ExpertLab\u00ae<\/option><option value=\"Consumer Screening Test\">Consumer Screening Test<\/option><option value=\"Product Replacement Check\">Product Replacement Check<\/option><option value=\"Product Superiority Monitoring\">Product Superiority Monitoring<\/option><option value=\"Senso Consumer\u2122\">Senso Consumer\u2122<\/option><\/select><\/span>\n<\/p>\n<p><span class=\"wpcf7-form-control-wrap\" data-name=\"privacidad\"><span class=\"wpcf7-form-control wpcf7-acceptance\"><span class=\"wpcf7-list-item\"><input type=\"checkbox\" name=\"privacidad\" value=\"1\" aria-invalid=\"false\" \/><\/span><\/span><\/span> I have read and accept <a href=\"http:\/\/www.sensoryvalue.com\/politica-de-privacidad\/\" target=\"_blank\">privacy policy<\/a><br \/>\n<input class=\"wpcf7-form-control wpcf7-submit has-spinner\" type=\"submit\" value=\"Send\" \/>\n<\/p><p style=\"display: none !important;\" class=\"akismet-fields-container\" data-prefix=\"_wpcf7_ak_\"><label>&#916;<textarea name=\"_wpcf7_ak_hp_textarea\" cols=\"45\" rows=\"8\" maxlength=\"100\"><\/textarea><\/label><input type=\"hidden\" id=\"ak_js_1\" name=\"_wpcf7_ak_js\" value=\"21\"\/><script type=\"text\/javascript\">\n\/* <![CDATA[ *\/\ndocument.getElementById( \"ak_js_1\" ).setAttribute( \"value\", ( new Date() ).getTime() );\n\/* ]]> *\/\n<\/script>\n<\/p><div class=\"wpcf7-response-output\" aria-hidden=\"true\"><\/div>\n<\/form>\n<\/div>\n\n<\/div>\n<div class='half last'>\n<\/div>\n<\/div>\n<p><a href=\"http:\/\/www.sensoryvalue.com\/wp-content\/uploads\/2017\/02\/Test_Producto.jpg\"><img loading=\"lazy\" decoding=\"async\" class=\"alignnone size-full wp-image-1614\" src=\"http:\/\/www.sensoryvalue.com\/wp-content\/uploads\/2017\/02\/Test_Producto.jpg\" alt=\"\" width=\"5000\" height=\"2000\" srcset=\"https:\/\/www.sensoryvalue.com\/wp-content\/uploads\/2017\/02\/Test_Producto.jpg 1920w, https:\/\/www.sensoryvalue.com\/wp-content\/uploads\/2017\/02\/Test_Producto-300x120.jpg 300w, https:\/\/www.sensoryvalue.com\/wp-content\/uploads\/2017\/02\/Test_Producto-768x307.jpg 768w, https:\/\/www.sensoryvalue.com\/wp-content\/uploads\/2017\/02\/Test_Producto-1024x410.jpg 1024w\" sizes=\"auto, (max-width: 5000px) 100vw, 5000px\" \/><\/a><\/p>\n","protected":false},"excerpt":{"rendered":"<p>Quelle sensation offre mon produit aux consommateurs\u00a0? Le test de produit, ou test consommateur, est une m\u00e9thodologie sp\u00e9cifique d\u2019\u00e9tude de march\u00e9 qui \u00e9value les opinions, les r\u00e9actions, les perceptions et les attitudes qu\u2019un produit suscite parmi un groupe de consommateurs afin de le g\u00e9n\u00e9raliser sur tout un march\u00e9. Gr\u00e2ce \u00e0 l\u2019expertise unique de Sensory Value [&hellip;]<\/p>\n","protected":false},"author":4,"featured_media":0,"parent":1439,"menu_order":0,"comment_status":"closed","ping_status":"closed","template":"page-faq.php","meta":{"_acf_changed":false,"footnotes":""},"class_list":["post-1643","page","type-page","status-publish","hentry"],"acf":[],"aioseo_notices":[],"_links":{"self":[{"href":"https:\/\/www.sensoryvalue.com\/fr\/wp-json\/wp\/v2\/pages\/1643","targetHints":{"allow":["GET"]}}],"collection":[{"href":"https:\/\/www.sensoryvalue.com\/fr\/wp-json\/wp\/v2\/pages"}],"about":[{"href":"https:\/\/www.sensoryvalue.com\/fr\/wp-json\/wp\/v2\/types\/page"}],"author":[{"embeddable":true,"href":"https:\/\/www.sensoryvalue.com\/fr\/wp-json\/wp\/v2\/users\/4"}],"replies":[{"embeddable":true,"href":"https:\/\/www.sensoryvalue.com\/fr\/wp-json\/wp\/v2\/comments?post=1643"}],"version-history":[{"count":7,"href":"https:\/\/www.sensoryvalue.com\/fr\/wp-json\/wp\/v2\/pages\/1643\/revisions"}],"predecessor-version":[{"id":3765,"href":"https:\/\/www.sensoryvalue.com\/fr\/wp-json\/wp\/v2\/pages\/1643\/revisions\/3765"}],"up":[{"embeddable":true,"href":"https:\/\/www.sensoryvalue.com\/fr\/wp-json\/wp\/v2\/pages\/1439"}],"wp:attachment":[{"href":"https:\/\/www.sensoryvalue.com\/fr\/wp-json\/wp\/v2\/media?parent=1643"}],"curies":[{"name":"wp","href":"https:\/\/api.w.org\/{rel}","templated":true}]}}