{"id":1655,"date":"2017-03-21T11:07:38","date_gmt":"2017-03-21T11:07:38","guid":{"rendered":"http:\/\/www.sensoryvalue.com\/etude-de-marche\/sensoconsumer\/"},"modified":"2017-05-10T14:59:16","modified_gmt":"2017-05-10T14:59:16","slug":"sensoconsumer","status":"publish","type":"page","link":"https:\/\/www.sensoryvalue.com\/fr\/etude-de-marche\/sensoconsumer\/","title":{"rendered":"SensoConsumer<sup>TM<\/sup>"},"content":{"rendered":"<p><strong>SensoConsumer\u2122<\/strong> est la combinaison statistique des r\u00e9sultats de l\u2019analyse sensorielle avec le <a href=\"http:\/\/www.sensoryvalue.com\/fr\/etude-de-marche\/test-de-produit\/\">test consommateur<\/a>\u00a0et permet de d\u00e9finir rapidement, au moyen d\u2019une analyse statistique, les attributs sensoriels cl\u00e9s dans chaque cat\u00e9gorie de produit pour l\u2019acceptation des consommateurs. Ces produits peuvent \u00eatre par la suite optimis\u00e9s.<\/p>\n<p>La m\u00e9thodologie <strong>SensoConsumer\u2122<\/strong> offre les solutions suivantes\u00a0:<\/p>\n<ul>\n<li>Trouver le meilleur ou les meilleurs produits pour un march\u00e9 selon les diff\u00e9rents types de consommateurs.<\/li>\n<li>D\u00e9terminer de nouvelles opportunit\u00e9s pour entrer sur de nouveaux segments.<\/li>\n<li>Optimiser les produits d\u00e9j\u00e0 pr\u00e9sents sur le march\u00e9.<\/li>\n<\/ul>\n<p><img loading=\"lazy\" decoding=\"async\" class=\"alignnone size-full wp-image-1898\" src=\"http:\/\/www.sensoryvalue.com\/wp-content\/uploads\/2017\/03\/SensoConsumer.png\" alt=\"\" width=\"2000\" height=\"800\" srcset=\"https:\/\/www.sensoryvalue.com\/wp-content\/uploads\/2017\/03\/SensoConsumer.png 2000w, https:\/\/www.sensoryvalue.com\/wp-content\/uploads\/2017\/03\/SensoConsumer-300x120.png 300w, https:\/\/www.sensoryvalue.com\/wp-content\/uploads\/2017\/03\/SensoConsumer-768x307.png 768w, https:\/\/www.sensoryvalue.com\/wp-content\/uploads\/2017\/03\/SensoConsumer-1024x410.png 1024w\" sizes=\"auto, (max-width: 2000px) 100vw, 2000px\" \/><\/p>\n<p>&nbsp;<\/p>\n","protected":false},"excerpt":{"rendered":"<p>SensoConsumer\u2122 est la combinaison statistique des r\u00e9sultats de l\u2019analyse sensorielle avec le test consommateur\u00a0et permet de d\u00e9finir rapidement, au moyen d\u2019une analyse statistique, les attributs sensoriels cl\u00e9s dans chaque cat\u00e9gorie de produit pour l\u2019acceptation des consommateurs. Ces produits peuvent \u00eatre par la suite optimis\u00e9s. La m\u00e9thodologie SensoConsumer\u2122 offre les solutions suivantes\u00a0: Trouver le meilleur ou [&hellip;]<\/p>\n","protected":false},"author":4,"featured_media":0,"parent":1439,"menu_order":0,"comment_status":"closed","ping_status":"closed","template":"page-faq.php","meta":{"_acf_changed":false,"footnotes":""},"class_list":["post-1655","page","type-page","status-publish","hentry"],"acf":[],"aioseo_notices":[],"_links":{"self":[{"href":"https:\/\/www.sensoryvalue.com\/fr\/wp-json\/wp\/v2\/pages\/1655","targetHints":{"allow":["GET"]}}],"collection":[{"href":"https:\/\/www.sensoryvalue.com\/fr\/wp-json\/wp\/v2\/pages"}],"about":[{"href":"https:\/\/www.sensoryvalue.com\/fr\/wp-json\/wp\/v2\/types\/page"}],"author":[{"embeddable":true,"href":"https:\/\/www.sensoryvalue.com\/fr\/wp-json\/wp\/v2\/users\/4"}],"replies":[{"embeddable":true,"href":"https:\/\/www.sensoryvalue.com\/fr\/wp-json\/wp\/v2\/comments?post=1655"}],"version-history":[{"count":6,"href":"https:\/\/www.sensoryvalue.com\/fr\/wp-json\/wp\/v2\/pages\/1655\/revisions"}],"predecessor-version":[{"id":2169,"href":"https:\/\/www.sensoryvalue.com\/fr\/wp-json\/wp\/v2\/pages\/1655\/revisions\/2169"}],"up":[{"embeddable":true,"href":"https:\/\/www.sensoryvalue.com\/fr\/wp-json\/wp\/v2\/pages\/1439"}],"wp:attachment":[{"href":"https:\/\/www.sensoryvalue.com\/fr\/wp-json\/wp\/v2\/media?parent=1655"}],"curies":[{"name":"wp","href":"https:\/\/api.w.org\/{rel}","templated":true}]}}