{"id":1466,"date":"2017-02-22T13:36:12","date_gmt":"2017-02-22T13:36:12","guid":{"rendered":"http:\/\/www.sensoryvalue.com\/aviso-legal\/"},"modified":"2017-04-10T09:55:07","modified_gmt":"2017-04-10T09:55:07","slug":"note-legali","status":"publish","type":"page","link":"https:\/\/www.sensoryvalue.com\/it\/note-legali\/","title":{"rendered":"Note legali"},"content":{"rendered":"<p><strong><span style=\"color: #da007f;\">Datos de la compa\u00f1\u00eda<\/span><\/strong><\/p>\n<p>De conformidad con la Ley 34\/2002, de 11 de julio, de Servicios de la Sociedad de la Informaci\u00f3n y de Comercio Electr\u00f3nico se informa que el titular de la p\u00e1gina web sensoryvalue.com (en adelante, el \u201cSitio Web\u201d) es:<br \/>\nABANTE &amp; PONGILUPPI, S.L., sociedad espa\u00f1ola con domicilio social C\/ Toledo 10 Casa 1 08195 Sant Cugat del Valles (Barcelona) ? Espa\u00f1a, con CIF n\u00famero B62095914 e inscrita en el Registro Mercantil de Barcelona y con direcci\u00f3n de contacto en el Sitio Web, pesta\u00f1a \u201cContacto\u201d (en adelante, \u201cSensory Value\u201d).<\/p>\n<p><strong><span style=\"color: #da007f;\">Finalidad del Sitio Web<\/span><\/strong><\/p>\n<p>La finalidad del Sitio Web es \u00fanicamente informativa, de modo que sus contenidos son insuficientes para la toma de decisiones por el usuario. A trav\u00e9s del mismo, Sensory Value facilita a los usuarios el acceso y la utilizaci\u00f3n, con car\u00e1cter enunciativo y no limitativo, entre otra (en adelante, los \u201cContenidos\u201d).<\/p>\n<p><strong><span style=\"color: #da007f;\">Condiciones de acceso y utilizaci\u00f3n del Sitio Web<\/span><\/strong><\/p>\n<p>El acceso y\/o uso del Sitio Web est\u00e1 supeditado a las condiciones que se expresan a continuaci\u00f3n, as\u00ed como a la legislaci\u00f3n vigente y atribuye a quien accede y\/o utiliza el Sitio Web la condici\u00f3n de usuario (en adelante, el \u201cUsuario\u201d o los \u201cUsuarios\u201d).<\/p>\n<p>Al acceder y\/o utilizar el Sitio Web, el Usuario acepta plenamente y sin reservas ni limitaciones todas y cada una de las disposiciones incluidas en este Aviso Legal y en la Pol\u00edtica de Privacidad, en la versi\u00f3n publicada por Sensory Value en el momento en que el Usuario accede al Sitio Web.<\/p>\n<p>En caso de no aceptar el presente Aviso Legal, el Usuario deber\u00e1 abstenerse de acceder y\/o utilizar el Sitio Web, debiendo abandonarlo inmediatamente.<\/p>\n<p>El Usuario del Sitio Web debe tener en cuenta que los Contenidos ofrecidos por Sensory Value pueden no ser exactos o no estar actualizados. Sensory Value se reserva la facultad de efectuar, en cualquier momento y sin necesidad de previo aviso, modificaciones y actualizaciones de la informaci\u00f3n contenida en el Sitio Web, as\u00ed como de la configuraci\u00f3n y presentaci\u00f3n de \u00e9sta y de las condiciones de uso y acceso a la misma. En consecuencia, el Usuario debe leer atentamente el presente Aviso Legal en cada una de las ocasiones en que se proponga utilizar el Sitio Web.<\/p>\n<p><strong><span style=\"color: #da007f;\">Disponibilidad y accesibilidad del Sitio Web<\/span><\/strong><\/p>\n<p>El Usuario del Sitio Web, mediante su acceso al mismo, se obliga a utilizarlo conforme con el presente Aviso Legal, la Pol\u00edtica de Privacidad y la legislaci\u00f3n vigente y acepta que el uso del mismo, as\u00ed como de sus Contenidos y\/o servicios tiene lugar bajo su \u00fanica y exclusiva responsabilidad asumiendo, frente a Sensory Value y\/o frente a terceros, cualesquiera da\u00f1os y perjuicios que se pudieran causar como consecuencia del incumplimiento de dicha obligaci\u00f3n. Sensory Value no controla la utilizaci\u00f3n por parte de los Usuarios del Sitio Web, sus Contenidos y\/o servicios.<\/p>\n<p>Sensory Value se reserva la facultad de interrumpir parcial o totalmente el Sitio Web en cualquier momento notificando tal circunstancia a los Usuarios con la debida antelaci\u00f3n, si ello fuera razonablemente posible. El Sitio Web ofrece al Usuario la posibilidad de registrarse. El Usuario debe ser un profesional sanitario y es responsable de aportar informaci\u00f3n veraz y exacta para su registro as\u00ed como en la suscripci\u00f3n de cualquiera de los servicios disponibles en el Sitio Web.<br \/>\n<strong><span style=\"color: #da007f;\">Actividades prohibidas<\/span><\/strong><\/p>\n<p>El Usuario no podr\u00e1 utilizar el Sitio Web con fines o efectos il\u00edcitos, incumpliendo el presente Aviso Legal, lesionando los derechos e intereses de terceros o que de cualquier forma puedan da\u00f1ar, inutilizar, sobrecargar, deteriorar o impedir la normal utilizaci\u00f3n de los equipos inform\u00e1ticos o los documentos, archivos y toda clase de contenidos almacenados en cualquier equipo inform\u00e1tico (hacking) de Sensory Value, de otros Usuarios o de cualquier usuario de Internet (hardware y software).<\/p>\n<p>En particular, y a t\u00edtulo meramente indicativo y no exhaustivo, el Usuario se compromete a no transmitir, difundir o poner a disposici\u00f3n de terceros, a trav\u00e9s del Sitio Web, informaciones, datos, contenidos, mensajes, gr\u00e1ficos, dibujos, archivos de sonido y\/o imagen, fotograf\u00edas, grabaciones, software y, en general, cualquier clase de material que:<\/p>\n<p>(i) de cualquier forma sea contrario, menosprecie o atente contra los derechos fundamentales y las libertades p\u00fablicas reconocidas constitucionalmente, en los Tratados internacionales y en el resto de la legislaci\u00f3n;<\/p>\n<p>(ii) induzca, incite o promueva actuaciones delictivas, denigratorias, difamatorias, infamantes, violentas, discriminatorias por raz\u00f3n de sexo, raza, religi\u00f3n, creencias, edad o condici\u00f3n o, en general, sean contrarias a la ley, a la moral y buenas costumbres generalmente aceptadas o al orden p\u00fablico;<\/p>\n<p>(iii) incorpore, ponga a disposici\u00f3n o permita acceder a productos, elementos, mensajes y\/o servicios delictivos, violentos, ofensivos, nocivos, degradantes o, en general, contrarios a la ley, a la moral y a las buenas costumbres generalmente aceptadas o al orden p\u00fablico;<\/p>\n<p>(iv) induzca o pueda inducir a un estado inaceptable de ansiedad o temor;<\/p>\n<p>(v) induzca o incite a involucrarse en pr\u00e1cticas peligrosas, de riesgo o nocivas para la salud y el equilibrio ps\u00edquico;<\/p>\n<p>(vi) sea falso, ambiguo, inexacto, exagerado o extempor\u00e1neo, de forma que induzca o pueda inducir a error sobre su objeto o sobre las intenciones o prop\u00f3sitos del comunicante;<\/p>\n<p>(vii) se encuentre protegido por cualesquiera derechos de propiedad intelectual y\/o industrial pertenecientes a terceros, sin que el Usuario haya obtenido previamente de sus titulares la autorizaci\u00f3n necesaria para llevar a cabo el uso que efect\u00faa o pretende efectuar;<\/p>\n<p>(viii) viole los secretos empresariales de terceros;<\/p>\n<p>(ix) sea contrario al derecho al honor, a la intimidad personal y familiar o a la propia imagen de las personas;<\/p>\n<p>(x) de cualquier manera menoscabe el cr\u00e9dito de Sensory Value o de terceros;<\/p>\n<p>(xi) infrinja la normativa sobre protecci\u00f3n de datos y secreto de las comunicaciones;<\/p>\n<p>(xii) suplante o intente suplantar la identidad del resto de Usuarios en el Sitio Web;<\/p>\n<p>(xiii) constituya, en su caso, publicidad il\u00edcita, enga\u00f1osa o desleal y, en general, constituya competencia desleal;<\/p>\n<p>(xiv) incorpore virus u otros elementos f\u00edsicos o electr\u00f3nicos que puedan da\u00f1ar o impedir el normal funcionamiento de la red, del sistema o de equipos inform\u00e1ticos (hardware y software) de PSCG o de terceros o que puedan da\u00f1ar los documentos electr\u00f3nicos y archivos almacenados en dichos equipos inform\u00e1ticos;<\/p>\n<p>(xv) provoque por sus caracter\u00edsticas (tales como formato, extensi\u00f3n, etc.) dificultades en el normal funcionamiento del Sitio Web;<\/p>\n<p>(xvi) contenga etiquetas HTML distintas de aqu\u00e9llas expresamente autorizadas por Sensory Value.<\/p>\n<p><strong><span style=\"color: #da007f;\">Exenci\u00f3n de responsabilidad<\/span><\/strong><\/p>\n<p>Sensory Value no ser\u00e1 responsable de los da\u00f1os derivados del uso del Sitio Web, ni de cualquier actuaci\u00f3n realizada en base a la informaci\u00f3n que en el mismo se facilita.<\/p>\n<p>Sensory Value no se hace responsable de la disponibilidad y continuidad del funcionamiento del Sitio Web, as\u00ed como tampoco responder\u00e1 por los posibles errores de seguridad o desconexiones que se puedan producir ni por los posibles da\u00f1os que puedan causarse al sistema inform\u00e1tico del Usuario (hardware y software), los ficheros o documentos almacenados en el mismo, como consecuencia de la presencia de virus en el ordenador del Usuario, utilizado para la conexi\u00f3n al Sitio Web, o de un mal funcionamiento del navegador o del uso de versiones no actualizadas del mismo.<\/p>\n<p><strong><span style=\"color: #da007f;\">Responsabilidad por enlaces desde otras p\u00e1ginas web al Sitio Web<\/span><\/strong><\/p>\n<p>El Usuario no podr\u00e1 reproducir el Sitio Web ni podr\u00e1 establecer frames. Los Usuarios que deseen ofrecer Contenidos del Sitio Web en su propia p\u00e1gina web podr\u00e1n introducir en la misma un enlace que vincule su p\u00e1gina web con la p\u00e1gina de inicio del Sitio Web, siempre que hayan obtenido la previa autorizaci\u00f3n escrita de Sensory Value.<\/p>\n<p>El Usuario que introduzca el enlace al Sitio Web no podr\u00e1 realizar manifestaciones o indicaciones falsas, inexactas o incorrectas sobre Sensory Value, sobre sus directivos ni sobre los Contenidos suministrados. Asimismo, tampoco podr\u00e1 declarar ni dar\u00e1 a entender de ning\u00fan modo que Sensory Value ha supervisado o asumido de cualquier forma los contenidos o servicios ofrecidos en la p\u00e1gina web en la que se establece el frame.<\/p>\n<p>Excepci\u00f3n hecha de aquellos signos que formen parte del mismo hiperenlace, la p\u00e1gina web en la que se establezca el mismo no contendr\u00e1 ninguna marca, nombre comercial, r\u00f3tulo de establecimiento, denominaci\u00f3n, logotipo, eslogan u otros signos distintivos pertenecientes a Sensory Value.<\/p>\n<p>Las p\u00e1ginas web en las que se ofrezca el enlace al Sitio Web no ofrecer\u00e1n informaciones o contenidos il\u00edcitos, contrarios a la moral, a las buenas costumbres generalmente aceptadas y al orden p\u00fablico, as\u00ed como tampoco contendr\u00e1 contenidos contrarios a cualesquiera derechos de terceros.<\/p>\n<p>El establecimiento del enlace no implica en ning\u00fan caso la existencia de relaciones entre Sensory Value y el propietario de la p\u00e1gina web en la que se establezca.<\/p>\n<p><strong><span style=\"color: #da007f;\">Responsabilidad por enlaces desde el Sitio Web a otras p\u00e1ginas web<\/span><\/strong><\/p>\n<p>Con el objeto de ayudar al Usuario a buscar otra informaci\u00f3n o servicios de inter\u00e9s, el Sitio Web podr\u00e1 incluir hiperv\u00ednculos o enlaces a otros sitios web que no son propiedad de Sensory Value ni est\u00e1n controlados por \u00e9sta. Sensory Value no controla los contenidos, las condiciones legales, las pol\u00edticas de privacidad o las pr\u00e1cticas de los sitios web de terceros ni asume responsabilidad alguna por \u00e9stos.<\/p>\n<p>El Usuario reconoce y acepta que el acceso a otros sitios web no supone que Sensory Value recomiende o apruebe el contenido de los mismos, as\u00ed como que Sensory Value no ser\u00e1 responsable de las p\u00e9rdidas o da\u00f1os que el Usuario pudiera sufrir a consecuencia de la disponibilidad de los mencionados sitios web, o a consecuencia de la credibilidad que otorgue a la exhaustividad, precisi\u00f3n o existencia de cualquier informaci\u00f3n ofrecida a trav\u00e9s de dichos sitios web.<\/p>\n<p>Sensory Value s\u00f3lo retirar\u00e1 del Sitio Web o impedir\u00e1 el acceso a aquellos enlaces que remitan a actividades il\u00edcitas o lesivas de derechos o bienes de un tercero siempre que un \u00f3rgano as\u00ed lo hubiera declarado, tal y como establece la normativa vigente.<\/p>\n<p><strong><span style=\"color: #da007f;\">Protecci\u00f3n de datos<\/span><\/strong><\/p>\n<p>Sensory Value tratar\u00e1 los datos personales transmitidos a trav\u00e9s de su Sitio Web de conformidad con la <u>Pol\u00edtica de Privacidad<\/u>.<\/p>\n<p><strong><span style=\"color: #da007f;\">Derechos de propiedad intelectual e industrial<\/span><\/strong><\/p>\n<p>El Sitio Web est\u00e1 protegido por derechos de propiedad intelectual e industrial. Con car\u00e1cter enunciativo, que no limitativo, los Contenidos, dise\u00f1o gr\u00e1fico, c\u00f3digo fuente, textos, fotograf\u00edas, gr\u00e1ficos, im\u00e1genes, iconos, tecnolog\u00eda, software, links y dem\u00e1s contenidos audiovisuales o sonoros. Por ello, el Usuario reconoce que la reproducci\u00f3n, distribuci\u00f3n, puesta a disposici\u00f3n, comunicaci\u00f3n p\u00fablica, transformaci\u00f3n, y en general, cualquier otra forma de explotaci\u00f3n, por cualquier procedimiento, de todo o parte del Sitio Web constituye una infracci\u00f3n de derechos de propiedad intelectual e industrial de Sensory Value o del titular de los mismos, salvo que el Usuario hubiera obtenido la previa autorizaci\u00f3n expresa.<\/p>\n<p>Los logos, marcas, nombres comerciales y otros signos distintivos de cualquier clase contenidos en el Sitio Web est\u00e1n asimismo protegidos por la ley.<\/p>\n<p>El Usuario no podr\u00e1 suprimir, manipular, alterar o utilizar dicha propiedad intelectual e industrial de forma que su divulgaci\u00f3n suponga un perjuicio para Sensory Value o sus leg\u00edtimos titulares. Sensory Value reclamar\u00e1 por los da\u00f1os y perjuicios derivados del uso indebido por parte de terceros de su propiedad intelectual e industrial.<\/p>\n<p>Sensory Value no concede ninguna licencia o autorizaci\u00f3n de uso de ninguna clase sobre sus derechos de propiedad intelectual e industrial o sobre cualquier otro derecho o propiedad relacionado en el Sitio Web, los servicios o los Contenidos.<\/p>\n<p><strong><span style=\"color: #da007f;\">Notificaci\u00f3n de infracciones<\/span><\/strong><\/p>\n<p>Sensory Value se reserva la facultad de cancelar el acceso al Sitio Web a aquellos Usuarios que infrinjan el presente Aviso Legal, la Pol\u00edtica de Privacidad y\/o la legislaci\u00f3n vigente en la utilizaci\u00f3n del mismo.<\/p>\n<p>En el caso de que cualquier Usuario o un tercero considere que existen hechos o circunstancias que revelen el car\u00e1cter il\u00edcito de la utilizaci\u00f3n de cualquier Contenido y\/o del Sitio Web, y, en particular, que infrinja sus derechos de propiedad intelectual y\/o industrial, sus derechos al honor, a la intimidad, a la imagen o cualesquiera otros derechos, deber\u00e1 enviar una notificaci\u00f3n a Sensory Value, tal y como se especifica en la secci\u00f3n 12, en la que se contengan los siguientes extremos:<\/p>\n<p>(i) datos personales del reclamante: nombre, direcci\u00f3n, n\u00famero de tel\u00e9fono y direcci\u00f3n de correo electr\u00f3nico;<\/p>\n<p>(ii) identificaci\u00f3n de los derechos protegidos por la legislaci\u00f3n vigente que se consideran violados;<\/p>\n<p>(iii) indicaci\u00f3n precisa y concreta de los Contenidos que presuntamente violan los derechos en cuesti\u00f3n, as\u00ed como de su localizaci\u00f3n en el Sitio Web;<\/p>\n<p>(iv) declaraci\u00f3n expresa, clara y bajo la responsabilidad del reclamante de que la informaci\u00f3n proporcionada en la notificaci\u00f3n es veraz, exacta y que es el titular de los derechos presuntamente vulnerados o que est\u00e1 autorizado a actuar en nombre de \u00e9ste.<\/p>\n<p><strong><span style=\"color: #da007f;\">Contacto<\/span><\/strong><\/p>\n<p>Todas las notificaciones y comunicaciones por parte del Usuario a Sensory Value se considerar\u00e1n eficaces, a todos los efectos, cuando se dirijan de alguna de las siguientes formas:<\/p>\n<p>(a) Env\u00edo por correo postal a la siguiente direcci\u00f3n: C\/Toledo 10 Casa 1 08195 Sant Cugat del Vall\u00e8s (Barcelona) ? Es\u00e0\u00f1a \u00a0(b) Env\u00edo a trav\u00e9s de la pesta\u00f1a \u201cContacto\u201d del Sitio Web.<\/p>\n<p><strong><span style=\"color: #da007f;\">Legislaci\u00f3n y jurisdicci\u00f3n aplicable<\/span><\/strong><\/p>\n<p>El presente Aviso Legal se rige e interpreta en todos y cada uno de sus extremos por la ley espa\u00f1ola.<\/p>\n<p>Para cuantas cuestiones litigiosas pudieran plantearse en relaci\u00f3n con la interpretaci\u00f3n, ejecuci\u00f3n y\/o resoluci\u00f3n del presente Aviso Legal, las partes acuerdan, renunciando a su fuero propio, someterse a los Juzgados y Tribunales de la ciudad de Barcelona.<\/p>\n","protected":false},"excerpt":{"rendered":"<p>Datos de la compa\u00f1\u00eda De conformidad con la Ley 34\/2002, de 11 de julio, de Servicios de la Sociedad de la Informaci\u00f3n y de Comercio Electr\u00f3nico se informa que el titular de la p\u00e1gina web sensoryvalue.com (en adelante, el \u201cSitio Web\u201d) es: ABANTE &amp; PONGILUPPI, S.L., sociedad espa\u00f1ola con domicilio social C\/ Toledo 10 Casa [&hellip;]<\/p>\n","protected":false},"author":4,"featured_media":0,"parent":0,"menu_order":9,"comment_status":"closed","ping_status":"closed","template":"","meta":{"_acf_changed":false,"footnotes":""},"class_list":["post-1466","page","type-page","status-publish","hentry"],"acf":[],"aioseo_notices":[],"_links":{"self":[{"href":"https:\/\/www.sensoryvalue.com\/it\/wp-json\/wp\/v2\/pages\/1466","targetHints":{"allow":["GET"]}}],"collection":[{"href":"https:\/\/www.sensoryvalue.com\/it\/wp-json\/wp\/v2\/pages"}],"about":[{"href":"https:\/\/www.sensoryvalue.com\/it\/wp-json\/wp\/v2\/types\/page"}],"author":[{"embeddable":true,"href":"https:\/\/www.sensoryvalue.com\/it\/wp-json\/wp\/v2\/users\/4"}],"replies":[{"embeddable":true,"href":"https:\/\/www.sensoryvalue.com\/it\/wp-json\/wp\/v2\/comments?post=1466"}],"version-history":[{"count":2,"href":"https:\/\/www.sensoryvalue.com\/it\/wp-json\/wp\/v2\/pages\/1466\/revisions"}],"predecessor-version":[{"id":1810,"href":"https:\/\/www.sensoryvalue.com\/it\/wp-json\/wp\/v2\/pages\/1466\/revisions\/1810"}],"wp:attachment":[{"href":"https:\/\/www.sensoryvalue.com\/it\/wp-json\/wp\/v2\/media?parent=1466"}],"curies":[{"name":"wp","href":"https:\/\/api.w.org\/{rel}","templated":true}]}}