{"id":1475,"date":"2017-02-23T11:57:21","date_gmt":"2017-02-23T11:57:21","guid":{"rendered":"http:\/\/www.sensoryvalue.com\/consulenza-strategica\/sensory-assets\/"},"modified":"2017-04-24T10:53:32","modified_gmt":"2017-04-24T10:53:32","slug":"sensory-assets","status":"publish","type":"page","link":"https:\/\/www.sensoryvalue.com\/it\/consulenza-strategica\/sensory-assets\/","title":{"rendered":"Sensory Assets"},"content":{"rendered":"<div class='clearfix'>\n<div class='half'>\n<p>Ci\u00f2 che proviamo quando assaggiamo un prodotto alimentare o una bevanda esercita un potere grande nella nostra mente, pi\u00f9 di qualsiasi altro messaggio di marketing.<\/p>\n<p>I grandi marchi sono sempre pi\u00f9 consapevoli dell\u2019importanza di lavorare con i propri Sensory Assets. Per queste aziende \u00e8 indispensabile avere il supporto di specialisti per identificare <strong>opportunit\u00e0 basate sulla sensorialit\u00e0<\/strong> e per una <strong>gestione ottimale di tali caratteristiche sensoriali<\/strong>, affinch\u00e9 i loro prodotti siano superiori a quelli della concorrenza.<\/p>\n<h3 style=\"color: #da007f;\">Che sapore ha una marca?<\/h3>\n<div class=\"destacado_sensoryAssets\">\n<p>I <strong>Sensory Assets <\/strong>sono le <strong>qualit\u00e0 sensoriali<\/strong> per le quali si preferisce un prodotto e che risultano essere potenti strategie di differenziazione.<\/p>\n<p>Infatti, il principale driver di preferenza e fidelizzazione di un prodotto per un consumatore \u00e8 la sua <strong>percezione organolettica<\/strong>, un\u2019impressione multisensoriale che va oltre il semplice sapore dei prodotti. Qui entra in gioco l\u2019aroma, la consistenza, l\u2019aspetto e tante altre caratteristiche difficili da descrivere per qualcuno che non sia stato <a href=\"http:\/\/www.sensoryvalue.com\/it\/analisi-sensoriale\/\">specificamente addestrato per farlo<\/a>.<\/p>\n<p>In Sensory Value lavoriamo con qualsiasi alimento o bevanda e ne identifichiamo i Sensory Assets. Questo ci permette di <strong>tradurre e interpretare le sensazioni<\/strong>, aiutando cos\u00ec i nostri clienti a sviluppare dei prodotti in grado di produrre esperienze sensoriali che inducano i consumatori a preferire quel prodotto piuttosto che un altro.<\/p>\n<\/div>\n<\/div>\n<div class='half last'>\n<p><a href=\"http:\/\/www.sensoryvalue.com\/wp-content\/uploads\/2017\/02\/SENSORYVALUE109-1-e1490697837667.jpg\"><img loading=\"lazy\" decoding=\"async\" class=\"alignnone wp-image-1069 size-full\" src=\"http:\/\/www.sensoryvalue.com\/wp-content\/uploads\/2017\/02\/SENSORYVALUE109-1-e1490697905816.jpg\" width=\"4093\" height=\"3840\" srcset=\"https:\/\/www.sensoryvalue.com\/wp-content\/uploads\/2017\/02\/SENSORYVALUE109-1-e1490697905816.jpg 1151w, https:\/\/www.sensoryvalue.com\/wp-content\/uploads\/2017\/02\/SENSORYVALUE109-1-e1490697905816-300x281.jpg 300w, https:\/\/www.sensoryvalue.com\/wp-content\/uploads\/2017\/02\/SENSORYVALUE109-1-e1490697905816-768x721.jpg 768w, https:\/\/www.sensoryvalue.com\/wp-content\/uploads\/2017\/02\/SENSORYVALUE109-1-e1490697905816-1024x961.jpg 1024w\" sizes=\"auto, (max-width: 4093px) 100vw, 4093px\" \/><\/a><\/p>\n<\/div>\n<\/div>\n<hr\/>\n<p style=\"text-align: center;\"><strong><span class='lead'>Trasformiamo la sensorialit\u00e0 in valore per un prodotto<\/span><\/strong><\/p>\n<hr\/>\n","protected":false},"excerpt":{"rendered":"","protected":false},"author":4,"featured_media":0,"parent":1472,"menu_order":0,"comment_status":"closed","ping_status":"closed","template":"page.php","meta":{"_acf_changed":false,"footnotes":""},"class_list":["post-1475","page","type-page","status-publish","hentry"],"acf":[],"aioseo_notices":[],"_links":{"self":[{"href":"https:\/\/www.sensoryvalue.com\/it\/wp-json\/wp\/v2\/pages\/1475","targetHints":{"allow":["GET"]}}],"collection":[{"href":"https:\/\/www.sensoryvalue.com\/it\/wp-json\/wp\/v2\/pages"}],"about":[{"href":"https:\/\/www.sensoryvalue.com\/it\/wp-json\/wp\/v2\/types\/page"}],"author":[{"embeddable":true,"href":"https:\/\/www.sensoryvalue.com\/it\/wp-json\/wp\/v2\/users\/4"}],"replies":[{"embeddable":true,"href":"https:\/\/www.sensoryvalue.com\/it\/wp-json\/wp\/v2\/comments?post=1475"}],"version-history":[{"count":7,"href":"https:\/\/www.sensoryvalue.com\/it\/wp-json\/wp\/v2\/pages\/1475\/revisions"}],"predecessor-version":[{"id":2076,"href":"https:\/\/www.sensoryvalue.com\/it\/wp-json\/wp\/v2\/pages\/1475\/revisions\/2076"}],"up":[{"embeddable":true,"href":"https:\/\/www.sensoryvalue.com\/it\/wp-json\/wp\/v2\/pages\/1472"}],"wp:attachment":[{"href":"https:\/\/www.sensoryvalue.com\/it\/wp-json\/wp\/v2\/media?parent=1475"}],"curies":[{"name":"wp","href":"https:\/\/api.w.org\/{rel}","templated":true}]}}