{"id":1632,"date":"2017-02-23T12:04:53","date_gmt":"2017-02-23T12:04:53","guid":{"rendered":"http:\/\/www.sensoryvalue.com\/ricerche-di-mercato\/product-concept-test\/"},"modified":"2017-04-24T11:52:55","modified_gmt":"2017-04-24T11:52:55","slug":"product-concept-test","status":"publish","type":"page","link":"https:\/\/www.sensoryvalue.com\/it\/metodologie\/product-concept-test\/","title":{"rendered":"Product Concept Test e Concept Product Test"},"content":{"rendered":"<p>Sia il <strong>Product Concept Test<\/strong> che il <strong>Concept Product Test<\/strong> di Sensory Value consentono ai nostri clienti di capire quale sia la <em>performance<\/em> di un determinato concetto o prodotto, nonch\u00e9 &#8211; aspetto ancora pi\u00f9 importante &#8211; se esista una buona corrispondenza tra prodotto e concetto e viceversa.<\/p>\n<p>A seconda dell&#8217;obiettivo principale prefissato dal cliente, Sensory Value suggerisce la metodologia pi\u00f9 adatta. Se l&#8217;aspetto pi\u00f9 rilevante \u00e8 la valutazione del concetto, si eseguir\u00e0 il Concept Product Test. Se, invece, \u00e8 prioritaria la valutazione del prodotto si prediliger\u00e0 il Product Concept Test.<\/p>\n<p>Qualora il prodotto non fosse in linea con la promessa del concetto, tale metodologia aiuta a <strong>individuare gli elementi del concetto o del prodotto da migliorare<\/strong> per aumentare l&#8217;adeguatezza di entrambi.<\/p>\n<p><img loading=\"lazy\" decoding=\"async\" class=\"alignnone size-full wp-image-1892\" src=\"http:\/\/www.sensoryvalue.com\/wp-content\/uploads\/2017\/02\/Sensory_Product_Test.png\" alt=\"\" width=\"1500\" height=\"600\" srcset=\"https:\/\/www.sensoryvalue.com\/wp-content\/uploads\/2017\/02\/Sensory_Product_Test.png 1500w, https:\/\/www.sensoryvalue.com\/wp-content\/uploads\/2017\/02\/Sensory_Product_Test-300x120.png 300w, https:\/\/www.sensoryvalue.com\/wp-content\/uploads\/2017\/02\/Sensory_Product_Test-768x307.png 768w, https:\/\/www.sensoryvalue.com\/wp-content\/uploads\/2017\/02\/Sensory_Product_Test-1024x410.png 1024w\" sizes=\"auto, (max-width: 1500px) 100vw, 1500px\" \/><\/p>\n<p>&nbsp;<\/p>\n","protected":false},"excerpt":{"rendered":"<p>Sia il Product Concept Test che il Concept Product Test di Sensory Value consentono ai nostri clienti di capire quale sia la performance di un determinato concetto o prodotto, nonch\u00e9 &#8211; aspetto ancora pi\u00f9 importante &#8211; se esista una buona corrispondenza tra prodotto e concetto e viceversa. A seconda dell&#8217;obiettivo principale prefissato dal cliente, Sensory [&hellip;]<\/p>\n","protected":false},"author":4,"featured_media":0,"parent":1487,"menu_order":0,"comment_status":"closed","ping_status":"closed","template":"page-faq.php","meta":{"_acf_changed":false,"footnotes":""},"class_list":["post-1632","page","type-page","status-publish","hentry"],"acf":[],"aioseo_notices":[],"_links":{"self":[{"href":"https:\/\/www.sensoryvalue.com\/it\/wp-json\/wp\/v2\/pages\/1632","targetHints":{"allow":["GET"]}}],"collection":[{"href":"https:\/\/www.sensoryvalue.com\/it\/wp-json\/wp\/v2\/pages"}],"about":[{"href":"https:\/\/www.sensoryvalue.com\/it\/wp-json\/wp\/v2\/types\/page"}],"author":[{"embeddable":true,"href":"https:\/\/www.sensoryvalue.com\/it\/wp-json\/wp\/v2\/users\/4"}],"replies":[{"embeddable":true,"href":"https:\/\/www.sensoryvalue.com\/it\/wp-json\/wp\/v2\/comments?post=1632"}],"version-history":[{"count":5,"href":"https:\/\/www.sensoryvalue.com\/it\/wp-json\/wp\/v2\/pages\/1632\/revisions"}],"predecessor-version":[{"id":2097,"href":"https:\/\/www.sensoryvalue.com\/it\/wp-json\/wp\/v2\/pages\/1632\/revisions\/2097"}],"up":[{"embeddable":true,"href":"https:\/\/www.sensoryvalue.com\/it\/wp-json\/wp\/v2\/pages\/1487"}],"wp:attachment":[{"href":"https:\/\/www.sensoryvalue.com\/it\/wp-json\/wp\/v2\/media?parent=1632"}],"curies":[{"name":"wp","href":"https:\/\/api.w.org\/{rel}","templated":true}]}}